{"id":3277,"date":"2017-12-12T15:07:28","date_gmt":"2017-12-12T12:07:28","guid":{"rendered":"http:\/\/www.svsl.edu.ee\/?page_id=3277"},"modified":"2017-12-27T10:56:00","modified_gmt":"2017-12-27T07:56:00","slug":"koolitused-kursus","status":"publish","type":"page","link":"https:\/\/www.svsl.edu.ee\/ru\/koolitused-kursus\/","title":{"rendered":"Koolitused - \u041a\u0443\u0440\u0441\u044b"},"content":{"rendered":"<table style=\"height: 1408px;\" width=\"954\">\n<tbody>\n<tr>\n<td width=\"37\"><strong>nr<\/strong><br \/>\nN<\/td>\n<td width=\"471\"><strong>Eriala nimetus<\/strong><br \/>\n\u043d\u0430\u0438\u043c\u0435\u043d\u043e\u0432\u0430\u043d\u0438\u0435 \u0441\u043f\u0435\u0446\u0438\u0430\u043b\u044c\u043d\u043e\u0441\u0442\u0438<\/td>\n<\/tr>\n<tr>\n<td width=\"37\">1<\/td>\n<td width=\"471\">K\u00e4sikaarkeevituse t\u00e4iend\u00f5ppekoolitus ( MMA ) - \u041f\u043e\u0432\u044b\u0448\u0435\u043d\u0438\u0435 \u043a\u0432\u0430\u043b\u0438\u0444\u0438\u043a\u0430\u0446\u0438\u0438 \u043f\u043e \u0440\u0443\u0447\u043d\u043e\u0439-\u0434\u0443\u0433\u043e\u0432\u043e\u0439 \u0441\u0432\u0430\u0440\u043a\u0435 ( MMA )<\/td>\n<\/tr>\n<tr>\n<td width=\"37\">2<\/td>\n<td width=\"471\">Ettev\u00f5tja kursus - \u041a\u0443\u0440\u0441 \u043f\u0440\u0435\u0434\u043f\u0440\u0438\u043d\u0438\u043c\u0430\u0442\u0435\u043b\u044c\u0441\u0442\u0432\u0430<\/td>\n<\/tr>\n<tr>\n<td width=\"37\">3<\/td>\n<td width=\"471\">Koka kursus - \u043f\u043e\u0432\u0430\u0440<\/td>\n<\/tr>\n<tr>\n<td width=\"37\">4<\/td>\n<td width=\"471\">Abikoka kursus - \u041f\u043e\u043c\u043e\u0449\u043d\u0438\u043a \u043f\u043e\u0432\u0430\u0440\u0430<\/td>\n<\/tr>\n<tr>\n<td width=\"37\">5<\/td>\n<td width=\"471\">Raamatupidaja kursus - \u0411\u0443\u0445\u0433\u0430\u043b\u0442\u0435\u0440\u0441\u043a\u0438\u0439 \u043a\u0443\u0440\u0441<\/td>\n<\/tr>\n<tr>\n<td width=\"37\">6<\/td>\n<td width=\"471\">Pagari kursus - \u041f\u0435\u043a\u0430\u0440\u044c<\/td>\n<\/tr>\n<tr>\n<td width=\"37\">7<\/td>\n<td width=\"471\">Keevitaja kursus - \u041a\u0443\u0440\u0441 \u0441\u0432\u0430\u0440\u0449\u0438\u043a\u0430<\/td>\n<\/tr>\n<tr>\n<td width=\"37\">8<\/td>\n<td width=\"471\">MIG\/MAG keevituse t\u00e4iend\u00f5ppekoolitus - \u041f\u043e\u0432\u044b\u0448\u0435\u043d\u0438\u0435 \u043a\u0432\u0430\u043b\u0438\u0444\u0438\u043a\u0430\u0446\u0438\u0438 \u0441\u0432\u0430\u0440\u0449\u0438\u043a\u0430 MIG\/MAG<\/td>\n<\/tr>\n<tr>\n<td width=\"37\">9<\/td>\n<td width=\"471\">TIG keevituse t\u00e4iend\u00f5ppekoolitu - \u041f\u043e\u0432\u044b\u0448\u0435\u043d\u0438\u0435 \u043a\u0432\u0430\u043b\u0438\u0444\u0438\u043a\u0430\u0446\u0438\u0438 \u0441\u0432\u0430\u0440\u0449\u0438\u043a\u0430 TIG<\/td>\n<\/tr>\n<tr>\n<td width=\"37\">10<\/td>\n<td width=\"471\">Raamatupidaja assistendi kursus - \u0410\u0441\u0441\u0438\u0441\u0442\u0435\u043d\u0442 \u0431\u0443\u0445\u0433\u0430\u043b\u0442\u0435\u0440\u0430<\/td>\n<\/tr>\n<tr>\n<td width=\"37\">11<\/td>\n<td width=\"471\">Raamatupidaja assistendi t\u00e4iend\u00f5ppekursus - \u0410\u0441\u0441\u0438\u0441\u0442\u0435\u043d\u0442 \u0431\u0443\u0445\u0433\u0430\u043b\u0442\u0435\u0440\u0430, \u043f\u043e\u0432\u044b\u0448\u0435\u043d\u0438\u0435 \u043a\u0432\u0430\u043b\u0438\u0444\u0438\u043a\u0430\u0446\u0438\u0438<\/td>\n<\/tr>\n<tr>\n<td width=\"37\">12<\/td>\n<td width=\"471\">Ehitusviimistleja - \u0421\u0442\u0440\u043e\u0438\u0442\u0435\u043b\u044c-\u043e\u0442\u0434\u0435\u043b\u043e\u0447\u043d\u0438\u043a<\/td>\n<\/tr>\n<tr>\n<td width=\"37\">13<\/td>\n<td width=\"471\">Lapsehoidja - \u041d\u044f\u043d\u044f<\/td>\n<\/tr>\n<tr>\n<td width=\"37\">14<\/td>\n<td width=\"471\">\u00dcldehitust\u00f6\u00f6d - \u041e\u0431\u0449\u0435\u0441\u0442\u0440\u043e\u0438\u0442\u0435\u043b\u044c\u043d\u044b\u0435 \u0440\u0430\u0431\u043e\u0442\u044b<\/td>\n<\/tr>\n<tr>\n<td width=\"37\">15<\/td>\n<td width=\"471\">Inglise keel - \u0410\u043d\u0433\u043b\u0438\u0439\u0441\u043a\u0438\u0439 \u044f\u0437\u044b\u043a<\/td>\n<\/tr>\n<tr>\n<td width=\"37\">16<\/td>\n<td width=\"471\">M\u00fc\u00fcja koolitus - \u041a\u0443\u0440\u0441 \u043f\u0440\u043e\u0434\u0430\u0432\u0446\u0430<\/td>\n<\/tr>\n<tr>\n<td width=\"37\">17<\/td>\n<td width=\"471\">Kinnisvara hooldusjuhi koolitus - \u041a\u0443\u0440\u0441 \u043f\u043e \u0442\u0435\u0445\u043d\u0438\u0447\u0435\u0441\u043a\u043e\u043c\u0443 \u043e\u0431\u0441\u043b\u0443\u0436\u0438\u0432\u0430\u043d\u0438\u044e \u043d\u0435\u0434\u0432\u0438\u0436\u0438\u043c\u043e\u0441\u0442\u0438<\/td>\n<\/tr>\n<tr>\n<td width=\"37\">18<\/td>\n<td width=\"471\">Elamuhoonete hooldaja-korteri\u00fchistu esimehe koolitus - \u0423\u043f\u0440\u0430\u0432\u043b\u044f\u044e\u0449\u0438\u0439 \u043a\u0432\u0430\u0440\u0442\u0438\u0440\u043d\u044b\u043c \u0436\u0438\u043b\u044c\u0435\u043c (\u043f\u0440\u0435\u0434\u0441\u0435\u0434\u0430\u0442\u0435\u043b\u044c \u043a\u0432\u0430\u0440\u0442\u0438\u0440\u043d\u043e\u0433\u043e \u0442\u043e\u0432\u0430\u0440\u0438\u0449\u0435\u0441\u0442\u0432\u0430)<\/td>\n<\/tr>\n<tr>\n<td width=\"37\">19<\/td>\n<td width=\"471\">Eesti keele koolitus - \u041a\u0443\u0440\u0441 \u044d\u0441\u0442\u043e\u043d\u0441\u043a\u043e\u0433\u043e \u044f\u0437\u044b\u043a\u0430<\/td>\n<\/tr>\n<tr>\n<td width=\"37\">20<\/td>\n<td width=\"471\">R\u00e4tsepat\u00f6\u00f6 - \u041f\u043e\u0440\u0442\u043d\u043e\u0439<\/td>\n<\/tr>\n<tr>\n<td width=\"37\">21<\/td>\n<td width=\"471\">M\u00fc\u00fcgikonsultandi koolitus - \u041a\u043e\u043d\u0441\u0443\u043b\u044c\u0442\u0430\u043d\u0442 \u043f\u043e \u043f\u0440\u043e\u0434\u0430\u0436\u0430\u043c<\/td>\n<\/tr>\n<tr>\n<td width=\"37\">22<\/td>\n<td width=\"471\">R\u00f5iva\u00f5mblemine - \u041f\u043e\u0448\u0438\u0432 \u043e\u0434\u0435\u0436\u0434\u044b<\/td>\n<\/tr>\n<tr>\n<td width=\"37\">23<\/td>\n<td width=\"471\">Soojusisolatsioonitorude spetsialisti koolitus - \u0421\u043f\u0435\u0446\u0438\u0430\u043b\u0438\u0441\u0442 \u043f\u043e \u0442\u0435\u043f\u043b\u043e\u0438\u0437\u043e\u043b\u044f\u0446\u0438\u0438 \u0442\u0440\u0443\u0431<\/td>\n<\/tr>\n<tr>\n<td width=\"37\">24<\/td>\n<td width=\"471\">Logistika klienditeenindaja koolitus - \u041b\u043e\u0433\u0438\u0441\u0442\u0438\u043a\u0430, \u0441\u043f\u0435\u0446\u0438\u0430\u043b\u0438\u0441\u0442 \u043f\u043e \u043e\u0431\u0441\u043b\u0443\u0436\u0438\u0432\u0430\u043d\u0438\u044e \u043a\u043b\u0438\u0435\u043d\u0442\u043e\u0432<\/td>\n<\/tr>\n<tr>\n<td width=\"37\">25<\/td>\n<td width=\"471\">Keskkonnatehnika lukksepa koolitus - \u0421\u043b\u0435\u0441\u0430\u0440\u044c-\u0441\u0430\u043d\u0442\u0435\u0445\u043d\u0438\u043a<\/td>\n<\/tr>\n<tr>\n<td width=\"37\">26<\/td>\n<td width=\"471\">WEB-tehnoloogia arvutikoolitus - \u041a\u043e\u043c\u043f\u044c\u044e\u0442\u0435\u0440\u043d\u044b\u0435 WEB-\u0442\u0435\u0445\u043d\u043e\u043b\u043e\u0433\u0438\u0438<\/td>\n<\/tr>\n<tr>\n<td width=\"37\">27<\/td>\n<td width=\"471\">Arvutiteenindaja ja kasutaja arvutikoolitus - \u041a\u0443\u0440\u0441 \u043f\u043e \u043e\u0431\u0441\u043b\u0443\u0436\u0438\u0432\u0430\u043d\u0438\u044e \u0438 \u0440\u0430\u0431\u043e\u0442\u0435 \u043d\u0430 \u043a\u043e\u043c\u043f\u044c\u044e\u0442\u0435\u0440\u0430\u0445<\/td>\n<\/tr>\n<tr>\n<td width=\"37\">28<\/td>\n<td width=\"471\">Potsepa koolitus - \u041f\u0435\u0447\u043d\u0438\u043a<\/td>\n<\/tr>\n<tr>\n<td width=\"37\">29<\/td>\n<td width=\"471\">AO1-AO12 arvutikoolitus - AO1-AO12 \u043a\u043e\u043c\u043f\u044c\u044e\u0442\u0435\u0440\u043d\u043e\u0435 \u043e\u0431\u0443\u0447\u0435\u043d\u0438\u0435<\/td>\n<\/tr>\n<tr>\n<td width=\"37\">30<\/td>\n<td width=\"471\">Kodumajandus - \u0414\u043e\u043c\u043e\u0432\u043e\u0434\u0441\u0442\u0432\u043e<\/td>\n<\/tr>\n<tr>\n<td width=\"37\">31<\/td>\n<td width=\"458\">Ehitajate ja keevitajate esmaabi koolitus - \u041a\u0443\u0440\u0441 \u043f\u0435\u0440\u0432\u043e\u0439 \u043f\u043e\u043c\u043e\u0449\u0438 \u0434\u043b\u044f \u0441\u0442\u0440\u043e\u0438\u0442\u0435\u043b\u0435\u0439 \u0438 \u0441\u0432\u0430\u0440\u0449\u0438\u043a\u043e\u0432<\/td>\n<\/tr>\n<tr>\n<td width=\"37\">32<\/td>\n<td width=\"471\">Esmaabi p\u00f5hikoolitus - \u041e\u0441\u043d\u043e\u0432\u043d\u043e\u0439 \u043a\u0443\u0440\u0441 \u043f\u043e \u043e\u043a\u0430\u0437\u0430\u043d\u0438\u044e \u043f\u0435\u0440\u0432\u043e\u0439 \u043c\u0435\u0434\u0435\u0446\u0438\u043d\u0441\u043a\u043e\u0439 \u043f\u043e\u043c\u043e\u0449\u0438<\/td>\n<\/tr>\n<tr>\n<td width=\"37\">33<\/td>\n<td width=\"471\">Esmaabi t\u00e4iendkoolitus - \u041e\u0431\u0443\u0447\u0435\u043d\u0438\u0435 \u043f\u043e \u043e\u043a\u0430\u0437\u0430\u043d\u0438\u044e \u043f\u0435\u0440\u0432\u043e\u0439 \u043f\u043e\u043c\u043e\u0449\u0438<\/td>\n<\/tr>\n<tr>\n<td width=\"37\">34<\/td>\n<td width=\"471\">Metallikonstruktsioonide koostelukksepa koolitus - \u0421\u043b\u0435\u0441\u0430\u0440\u044c-\u0441\u0431\u043e\u0440\u0449\u0438\u043a \u043c\u0435\u0442\u0430\u043b\u043b\u043e\u043a\u043e\u043d\u0441\u0442\u0440\u0443\u043a\u0446\u0438\u0439<\/td>\n<\/tr>\n<tr>\n<td width=\"37\">35<\/td>\n<td width=\"471\">Toimetuleku,t\u00f6\u00f6otsingu ja motivatsioonikoolitus - \u041a\u0443\u0440\u0441 \u043f\u043e \u043c\u043e\u0442\u0438\u0432\u0430\u0446\u0438\u0438, \u043f\u043e\u0438\u0441\u043a\u0443 \u0440\u0430\u0431\u043e\u0442\u044b \u0438 \u043e\u0436\u0438\u0434\u0430\u043d\u0438\u044f\u043c<\/td>\n<\/tr>\n<tr>\n<td width=\"37\">36<\/td>\n<td width=\"471\">Tulet\u00f6\u00f6 koolitus - \u041e\u0433\u043d\u0435\u0432\u044b\u0435 \u0440\u0430\u0431\u043e\u0442\u044b<\/td>\n<\/tr>\n<tr>\n<td width=\"37\">37<\/td>\n<td width=\"471\">Tuleohutuse eest vastutava isiku koolitus - \u041a\u0443\u0440\u0441 \u043f\u043e \u043f\u043e\u0436\u0430\u0440\u043d\u043e\u0439 \u0431\u0435\u0437\u043e\u043f\u0430\u0441\u043d\u043e\u0441\u0442\u0438 \u0434\u043b\u044f \u043e\u0442\u0432\u0435\u0442\u0441\u0442\u0432\u0435\u043d\u043d\u043e\u0433\u043e \u043b\u0438\u0446\u0430<\/td>\n<\/tr>\n<tr>\n<td width=\"37\">38<\/td>\n<td width=\"471\">Tuleohutuskoolitus - \u041a\u0443\u0440\u0441 \u043f\u043e \u043f\u043e\u0436\u0430\u0440\u043d\u043e\u0439 \u0431\u0435\u0437\u043e\u043f\u0430\u0441\u043d\u043e\u0441\u0442\u0438<\/td>\n<\/tr>\n<\/tbody>\n<\/table>\n<p><img decoding=\"async\" src=\"https:\/\/www.svsl.edu.ee\/wp-content\/uploads\/2016\/09\/main.png\" alt=\"https:\/\/www.svsl.edu.ee\/wp-content\/uploads\/2016\/09\/main.png\" \/><\/p>\n","protected":false},"excerpt":{"rendered":"<p>nr N Eriala nimetus \u043d\u0430\u0438\u043c\u0435\u043d\u043e\u0432\u0430\u043d\u0438\u0435 \u0441\u043f\u0435\u0446\u0438\u0430\u043b\u044c\u043d\u043e\u0441\u0442\u0438 1 K\u00e4sikaarkeevituse t\u00e4iend\u00f5ppekoolitus ( MMA ) - \u041f\u043e\u0432\u044b\u0448\u0435\u043d\u0438\u0435 \u043a\u0432\u0430\u043b\u0438\u0444\u0438\u043a\u0430\u0446\u0438\u0438 \u043f\u043e \u0440\u0443\u0447\u043d\u043e\u0439-\u0434\u0443\u0433\u043e\u0432\u043e\u0439 \u0441\u0432\u0430\u0440\u043a\u0435 ( MMA ) 2 Ettev\u00f5tja...<\/p>\n","protected":false},"author":1,"featured_media":0,"parent":0,"menu_order":0,"comment_status":"closed","ping_status":"closed","template":"page-onecolumn.php","meta":{"footnotes":""},"class_list":["post-3277","page","type-page","status-publish","hentry"],"_links":{"self":[{"href":"https:\/\/www.svsl.edu.ee\/ru\/wp-json\/wp\/v2\/pages\/3277","targetHints":{"allow":["GET"]}}],"collection":[{"href":"https:\/\/www.svsl.edu.ee\/ru\/wp-json\/wp\/v2\/pages"}],"about":[{"href":"https:\/\/www.svsl.edu.ee\/ru\/wp-json\/wp\/v2\/types\/page"}],"author":[{"embeddable":true,"href":"https:\/\/www.svsl.edu.ee\/ru\/wp-json\/wp\/v2\/users\/1"}],"replies":[{"embeddable":true,"href":"https:\/\/www.svsl.edu.ee\/ru\/wp-json\/wp\/v2\/comments?post=3277"}],"version-history":[{"count":2,"href":"https:\/\/www.svsl.edu.ee\/ru\/wp-json\/wp\/v2\/pages\/3277\/revisions"}],"predecessor-version":[{"id":3324,"href":"https:\/\/www.svsl.edu.ee\/ru\/wp-json\/wp\/v2\/pages\/3277\/revisions\/3324"}],"wp:attachment":[{"href":"https:\/\/www.svsl.edu.ee\/ru\/wp-json\/wp\/v2\/media?parent=3277"}],"curies":[{"name":"wp","href":"https:\/\/api.w.org\/{rel}","templated":true}]}}