{"id":5583,"date":"2020-06-29T19:24:52","date_gmt":"2020-06-29T17:24:52","guid":{"rendered":"http:\/\/www.svsl.edu.ee\/?page_id=5583"},"modified":"2020-06-29T19:31:37","modified_gmt":"2020-06-29T17:31:37","slug":"b2-moodulid","status":"publish","type":"page","link":"https:\/\/www.svsl.edu.ee\/ru\/b2-moodulid\/","title":{"rendered":"B2-moodulid"},"content":{"rendered":"<p><strong>SVS-L\u00a0 AS Koolituskeskus<\/strong><\/p>\n<p><strong>Eesti keele B2-taseme eksamiks ettevalmistav t\u00e4ienduskoolitus.<\/strong><\/p>\n<p><strong>\u00d5ppe kogumaht ja moodulid<\/strong><\/p>\n<p>\u00d5ppe kogumaht on 450 akadeemilist tundi, millest 250 on kontakt\u00f5pet (100 f\u00fc\u00fcsilises \u00f5ppekeskkonnas ja 150 tundi praktilist t\u00f6\u00f6d f\u00fc\u00fcsilises \u00f5ppekeskkonnas) ja 200 tundi iseseisvat t\u00f6\u00f6d.<\/p>\n<p><u>I moodul<\/u> - <strong>200 akadeemilist tundi kontakt\u00f5pet<\/strong> ja <strong>160 akadeemilist tundi isesisvat t\u00f6\u00f6d<\/strong>.<\/p>\n<p><u>II moodul<\/u> - <strong>50 akadeemilist tundi kontakt\u00f5pet<\/strong> ja <strong>40 akadeemilist tundi isesisvat t\u00f6\u00f6d.<\/strong><\/p>\n<p>\u00dcks akadeemiline tund-45 minutit.<\/p>\n<p>\u00d5PPE SISU<\/p>\n<p><u>I mooduli<\/u> teemad:<\/p>\n<p>1.Haridus ja t\u00f6\u00f6 (endast ja teistest r\u00e4\u00e4kimine, Eesti hariduss\u00fcsteem: riiklikud ja era\u00f5ppeasutused, kooliv\u00f5rk; koolikeskkond ja traditsioonid, noorteorganisatsioonid, k\u00f5rgkoolid, eriala valik, \u00f5ppet\u00f6\u00f6 korraldus, vastuv\u00f5tu tingimused, \u00f5pioskused ja harjumused);<\/p>\n<p>2.Elukutse, amet ja t\u00f6\u00f6 (t\u00f6\u00f6 valdkonnad, elukutsed ja ametid; t\u00f6\u00f6 spetsiifika ja probleemide kirjeldamine, lahendamine; t\u00f6\u00f6andja\u00a0 ja t\u00f6\u00f6taja suhted, lepingulised kohustused ja \u00f5igused;<br \/>\nt\u00f6\u00f6keskkond, turvalisus; kofliktide ja vaidluste lahendamine; ergutus;<br \/>\nt\u00f6\u00f6koosolekute l\u00e4biviimine, s\u00f5nav\u00f5tt, l\u00fchiettekanne koosolekul;<br \/>\nt\u00f6\u00f6juhiste ja\u00a0 vajalike dokumentide m\u00f5istmine);<\/p>\n<p>3.Teenindus (isik kui teenuste tarbija; tarbimis\u00fchiskond; erinevad kaubad ja kauba grupid ja tooted;<br \/>\ntarbija eelistused poodide, kaubam\u00e4rkide, tootjate ja toodete osas;<br \/>\nInterneti-kaubandus, telefonim\u00fc\u00fck, e-arved; \u00a0kaebuste ja seletuste esitamine);<\/p>\n<p>4.Igap\u00e4evaelu, kodu ja kodukoht (minu kodu on minu kindlus; 21 sajandi kodu; maa-ja linnaelu; abielu t\u00fc\u00fcbid; p\u00f5lvedevahelised t\u00fc\u00fcbid; kohalik omavalitusus ja koost\u00f6\u00f6 elanikega;<br \/>\nteenuseid pakkuvad organisatsioonid; lahendust vajavad probleemid elukohas);<\/p>\n<p>5.Enesetunne ja tervis (millest s\u00f5ltub meie tervis;<br \/>\nkahjulikud harjumused; ravimid tervise taastamisel ja rahvameditsiin;<br \/>\nterviseteenuse saamise ja osutamise v\u00f5imalused; erakliinikud; eraarstid; arstiabi;<br \/>\n\u00f5nnetusjuhtumi kirjeldamine; tervisealastest k\u00fcsitlustet info saamine);<\/p>\n<p>6.Vaba aeg ja meelelahutus (vaba aja eelistused; huvide, harrastuste ja meelelahutuste viisid; meedia, perioodilised v\u00e4ljaanded, internet, sotsiaalv\u00f5rgud, filmi-ja teatrikunst; kultuuri- ja spordi\u00fcrituse esitlemine; kultuuri\u00fcritused;<br \/>\ntuntud eesti kultuuri\u2013 ja \u00fchiskonnategelased);<\/p>\n<p>7.Sisseostud, hinnad (eelistused poodide, kaubam\u00e4rkide, tootjate ja toodete osas; vastumeelsus nende suhtes; kaupade ja teenuste reklaam , reklaamiviisid;<br \/>\ntasumise viis;<br \/>\npangalaenud; j\u00e4e- ja hulgim\u00fc\u00fck;<br \/>\nostja huvide kaitse).<\/p>\n<p>8.S\u00f6\u00f6k ja jook (toidu t\u00e4htsus;<br \/>\ntoiduained ja nende m\u00f5ju meie organismile;<br \/>\nigap\u00e4evased ja pidulikud harjumused; lauakombed;<br \/>\ntervisliku toitumise vajadus; eritoitumine; taimetoitlane;<br \/>\nmen\u00fc\u00fc koostamine, s\u00f6\u00f6gi-joogi valik, alkoholi tarbimine;<br \/>\nlemmikrestoran, kohvik, men\u00fc\u00fc, teenindus, maitseelamused;<\/p>\n<p>n\u00f5uanded retseptide kasutamisel, toiduvalmistamisel; kaebused halvasti valmistatud toidu kohta;<br \/>\nEesti rahvustoidud).<\/p>\n<p>9.Inimeste suhted \u00fchiskonnas (Eesti kui osa Euroopa Liidust; Eesti haldusjaotus ja juhtimine;<br \/>\npoliitika ja \u00f5igus, erakonnad, valimised Eestis; seadusandlik- ja t\u00e4idesaatev v\u00f5im;<br \/>\nEesti riigistruktuur;<br \/>\nametlikud ja mitteametlikud organisatsioonid; kodanike \u00fchendused;<br \/>\nheategevus; \u00fchiskondlikud v\u00e4\u00e4rtused; moraal ja eetika;<br \/>\nkodaniku ja inim\u00f5igused; era- ja t\u00f6\u00f6suhete loomine ja s\u00f5lmimine;\u00a0<br \/>\naktiivne eluhoiak; \u00a0<br \/>\ninfo hankimine, oma vaadete esitamine, p\u00f5hjendamine ja kaitsmine);<\/p>\n<p>10.Poliitika, aktuaalsed s\u00fcndmused (P\u00e4evakajaliste s\u00fcndmuste kohta info hankimine;<br \/>\nuudised, s\u00fcndmused Eesti ja Euroopa maastikul;<br \/>\nmassimeedia m\u00f5ju\u00a0 inimeste maailmataju kujundamisele;<br \/>\nvaidlus, diskussioon p\u00e4evakohasel teemal);<\/p>\n<p>11.Majandus- ja \u00f5igussuhted (Eesti majanduss\u00fcsteem ja \u00f5iguskord; majandus, maksud, ettev\u00f5tluse vormid; rahandus ja pangad;<br \/>\noma firma loomine;<br \/>\n\u00e4riplaan;<br \/>\nsootsiaalsed suhted ja institutsioonid, turvalisuse tagamine, politsei, kohtus\u00fcsteemi tegevus;<br \/>\np\u00f6\u00f6rdumine \u00f5iguskaitseorganite poole, v\u00f5itlus kuritegevusega;<br \/>\naktuaalsed majanduselu k\u00fcsimused, hinnang nendele, oma seisukoha v\u00e4ljendamine);<\/p>\n<p><u>II mooduli<\/u> teemad:<\/p>\n<p>1.Keskkond, kohad, loodus, ilm (aktuaalsed keskkonnakaitse probleemid;<\/p>\n<p>keskkonna reostuse p\u00f5hiallikad;<br \/>\nlooduskaitse ja pr\u00fcgi sorteerimine;<br \/>\nloodushoid ja inims\u00f5braliku keskkonna s\u00e4ilitamine; loomastik ja taimestik;<br \/>\nkliima globaalne soojenemine; kodukandi muret tekitavad probleemid;<br \/>\nheakorrastus, elanike ettev\u00f5tmised);<\/p>\n<p>2.Kultuur ja keeled, keelte \u00f5ppimine (Eesti kultuur ja kultuuritraditsioonid;<\/p>\n<p>kaas\u00f5pijate p\u00e4ritolumaa\u00a0 kultuur;\u00a0<br \/>\nkultuuris\u00fcndmusi Eestis jalgides vaatleja, osaleja, pooldaja rollis;<br \/>\nkultuuride erinevused: kehakeel, miimika, \u017eestid, s\u00f5navara, liigutused, suhtumine, temperament, kasvatus, hoiakud jm. V\u00f5\u00f5rkeelte \u00f5ppimine; positiivse \u00f5pikeskkonna loomine; keele iseseisev omandamine);<\/p>\n<p>3.Reisimine, transport, vaatamisv\u00e4\u00e4rsused (reisieelistused;<br \/>\ntranspordivahendid ja liiklus; liiklusohutus;<br \/>\nkodukoha liiklemise v\u00f5imalused;<br \/>\npretensioonid, n\u00f5uded, kaebused reisib\u00fcroo, transpordifirma v\u00f5i hotelli halva teenuse korral).<\/p>\n<p>\u00d5PIV\u00c4LJUNDID<\/p>\n<p>I mooduli l\u00e4binu:<\/p>\n<ul>\n<li>vestleb spontaanselt ja ladusalt, osaleb arutluses, selgitab ja p\u00f5hjendab oma vaatenurka;<\/li>\n<li>suudab kiiresti haarata pikemate tekstide sisu ja valida asjakohaseid detaile;<\/li>\n<li>oskab kirjutada selgeid ja \u00fcksikasjalikke tekste paljudel endale huvi pakkuvatel teemadel ning ka tuttavatel abstraktsetel teemadel;<\/li>\n<li>suhtleb eesm\u00e4rgip\u00e4raselt nii k\u00f5nes kui ka kirjas, j\u00e4rgides vastavaid kultuuritavasid;<\/li>\n<\/ul>\n<p>II mooduli l\u00e4binu:<\/p>\n<ul>\n<li>oskab kirjutada argumenteeritud ettekannet, arvamuskirjutist vm teksti, esitades poolt-ja vastuv\u00e4iteid v\u00f5i selgitades erinevate seisukohtade eeliseid ja puudusi.<\/li>\n<\/ul>\n<p>t\u00f6\u00f6tab erinevate tekstidega, m\u00f5istab neid, teeb \u00fcldistusi ja edastab \u00fcldsisu<\/p>\n","protected":false},"excerpt":{"rendered":"<p>SVS-L\u00a0 AS Koolituskeskus Eesti keele B2-taseme eksamiks ettevalmistav t\u00e4ienduskoolitus. \u00d5ppe kogumaht ja moodulid \u00d5ppe kogumaht on 450 akadeemilist tundi, millest 250 on kontakt\u00f5pet...<\/p>\n","protected":false},"author":1,"featured_media":0,"parent":0,"menu_order":0,"comment_status":"closed","ping_status":"closed","template":"page-onecolumn.php","meta":{"footnotes":""},"class_list":["post-5583","page","type-page","status-publish","hentry"],"_links":{"self":[{"href":"https:\/\/www.svsl.edu.ee\/ru\/wp-json\/wp\/v2\/pages\/5583","targetHints":{"allow":["GET"]}}],"collection":[{"href":"https:\/\/www.svsl.edu.ee\/ru\/wp-json\/wp\/v2\/pages"}],"about":[{"href":"https:\/\/www.svsl.edu.ee\/ru\/wp-json\/wp\/v2\/types\/page"}],"author":[{"embeddable":true,"href":"https:\/\/www.svsl.edu.ee\/ru\/wp-json\/wp\/v2\/users\/1"}],"replies":[{"embeddable":true,"href":"https:\/\/www.svsl.edu.ee\/ru\/wp-json\/wp\/v2\/comments?post=5583"}],"version-history":[{"count":1,"href":"https:\/\/www.svsl.edu.ee\/ru\/wp-json\/wp\/v2\/pages\/5583\/revisions"}],"predecessor-version":[{"id":5584,"href":"https:\/\/www.svsl.edu.ee\/ru\/wp-json\/wp\/v2\/pages\/5583\/revisions\/5584"}],"wp:attachment":[{"href":"https:\/\/www.svsl.edu.ee\/ru\/wp-json\/wp\/v2\/media?parent=5583"}],"curies":[{"name":"wp","href":"https:\/\/api.w.org\/{rel}","templated":true}]}}