{"id":6949,"date":"2023-08-17T10:30:39","date_gmt":"2023-08-17T08:30:39","guid":{"rendered":"https:\/\/www.svsl.edu.ee\/?page_id=6949\/"},"modified":"2024-09-18T11:16:57","modified_gmt":"2024-09-18T09:16:57","slug":"80_ak-tundi_111_mma","status":"publish","type":"page","link":"https:\/\/www.svsl.edu.ee\/ru\/80_ak-tundi_111_mma\/","title":{"rendered":"111 MMA - \u041f\u043e\u0432\u044b\u0448\u0435\u043d\u0438\u0435 \u043a\u0432\u0430\u043b\u0438\u0444\u0438\u043a\u0430\u0446\u0438\u0438 \u043f\u043e \u0440\u0443\u0447\u043d\u043e\u0439 \u0434\u0443\u0433\u043e\u0432\u043e\u0439 \u0441\u0432\u0430\u0440\u043a\u0435"},"content":{"rendered":"<table width=\"699\">\n<tbody>\n<tr>\n<td width=\"189\"><strong>\u00d5ppekava nimetus<\/strong><\/td>\n<td width=\"510\">111 MMM \u2013 K\u00e4sikaarkeevituse \u00a0t\u00e4iend\u00f5ppe koolitus<\/td>\n<\/tr>\n<tr>\n<td width=\"189\"><strong>\u00d5ppekavar\u00fchm<\/strong><\/td>\n<td width=\"510\">Mehaanika ja metallit\u00f6\u00f6<\/td>\n<\/tr>\n<tr>\n<td width=\"189\"><strong>\u00d5ppekava koostamise alus<\/strong><\/td>\n<td width=\"510\">Kutsestandard \u201eKeevitaja\u201c, tase 4 (\u00fcldoskused\u00a0 B.2, kompetentsid B.3.1-B.3.3 , B.3.5 \u00a0-keevitusviis 111 MMA), standard EVS-EN 9606-1)<\/td>\n<\/tr>\n<tr>\n<td width=\"189\"><strong>\u00d5ppekeel<\/strong><\/td>\n<td width=\"510\">vene keel<\/td>\n<\/tr>\n<tr>\n<td width=\"189\"><strong>Eesm\u00e4rk<\/strong><\/td>\n<td width=\"510\">Valmistada ette konkurentsiv\u00f5imelisi spetsialiste, koolitada v\u00e4lja vastavalt Euroopa standardile EN 9606-1 (ISO 4063: 111). Kolituse l\u00f5puks koolitatav peab olema valmis sooritama eksamit keevitaja EVS-EN-9606-1 (EVS-EN-287-1) oskustunnistuse saamiseks.<\/td>\n<\/tr>\n<tr>\n<td width=\"189\"><strong>\u00d5piv\u00e4ljundid<\/strong><\/td>\n<td width=\"510\">Koolituse l\u00f5puks keevitaja: - valmistab ja koostab detailid keevitamiseks teatud tingimustes \u00a0vastavalt kvaliteedin\u00f5uetele; - keevitab plaadi ja toru p\u00f5kk- ja nurk\u00f5mblused k\u00e4sikaarkeevituse protsessiga k\u00f5ikides ruumilistes asendites; - kasutab t\u00f6\u00f6jooniseid, t\u00f6\u00f6juhendit ja tehnoloogilist kaarti (WPS) vastavalt EVS- EN 9606-1; - j\u00e4rgib t\u00f6\u00f6tervishoiu- ja t\u00f6\u00f6ohutusn\u00f5udeid; - teeb valmis tootele j\u00e4relt\u00f6\u00f6tluse, eemaldades pindadelt pritsmed, \u0161laki jm ebapuhtused. - Kolituse l\u00f5puks koolitatav peab olema valmis sooritama eksamit keevitaja EVS-EN-9606-1 (EVS-EN-287-1) oskustunnistuse saamiseks.<\/td>\n<\/tr>\n<tr>\n<td width=\"189\"><strong>Sihtr\u00fchm <\/strong><\/td>\n<td width=\"510\">-\u00a0\u00a0\u00a0\u00a0 inimesed, kellel on varasemalt olemas keevituse alane baasharidus v\u00f5i t\u00f6\u00f6kogemus ning kes soovivad saada teadmisi ja oskusi keevitaja EVS-EN-9606-1 sertifikaadieksami sooritamiseks<\/td>\n<\/tr>\n<tr>\n<td width=\"189\"><strong>\u00d5pingute alustamise tingimused<\/strong><\/td>\n<td width=\"510\">Koolitusele v\u00f5etakse vastu isukud, kes on l\u00e4binud ja edukalt l\u00f5petanud keevitaja algtaseme koolituse v\u00f5i omavad v\u00e4hest keevitaja t\u00f6\u00f6kogemust v\u00f5i pole ammu t\u00f6\u00f6tanud keevitusalal ning soovivad v\u00e4rskendada v\u00f5i t\u00e4iendada oma teadmisi ja oskusi.<\/td>\n<\/tr>\n<tr>\n<td width=\"189\"><strong>\u00d5ppe kogumaht<\/strong><\/td>\n<td width=\"510\"><strong>80 akadeemilist tundi, millest:<\/strong><br \/>\n-20\u00a0 ak.t. - teoreetiline \u00f5pe<br \/>\n-52 ak.t -praktika \u00f5ppebaasis<br \/>\n- 8 ak.t \u2013 l\u00f5pueksam<\/td>\n<\/tr>\n<tr>\n<td width=\"189\"><strong>\u00d5ppekeskkond<\/strong><\/td>\n<td width=\"510\">\u00d5ppet\u00f6\u00f6 viiakse l\u00e4bi SVS-L Koolituskeskuse ruumides asukohaga Metsapargi 16, Kohtla-J\u00e4rve. Keevitaja koolituse teoreetiline \u00f5pe toimub keevitaja eritehnoloogia klassis, milles on 15 \u00f5ppekohta (63 m\u00b2). Koolituse praktiline \u00f5pe toimub koolituskeskuse keevitut\u00f6\u00f6kojas, milles on 15 kaasaegsete seadmetega varustatud t\u00f6\u00f6kohta\u00a0 . Metalli gaasl\u00f5ikamise aparaat (gaasil\u00f5ikur) ja \u00f5pilastele etten\u00e4htud keevitusdetailide ettevalmistusala. Keevituskabiinid on varustatud \u00e4rat\u00f5mbeventilatsiooni ja kohtvalgustitega. Ohutuse tagamiseks on k\u00f5ikidel \u00f5pilastel t\u00f6\u00f6kaitsevahendid: vastavad t\u00f6\u00f6riided, keevitusmask, kaitsekiiver ja kindad<\/td>\n<\/tr>\n<tr>\n<td width=\"189\"><strong>\u00d5ppematerjalide loend<\/strong><\/td>\n<td width=\"510\">Koolitaja poolt loodud \u00f5ppematerjalid, sobiva raskusastmega.<br \/>\nK\u00f5igile osalejatele komplekteeritakse individuaalsed \u00f5ppemapid.<\/td>\n<\/tr>\n<tr>\n<tr>\n<td width=\"189\"><\/td>\n<td \" width=\"510\"><strong>\u00d5ppe sisu <\/strong><\/td>\n<\/tr>\n<tr>\n<td width=\"189\"><strong>Teema nimetus<\/strong><\/td>\n<td width=\"510\"><strong>Sisu l\u00fchikirjeldus<\/strong><\/td>\n<\/tr>\n<tr>\n<td width=\"189\"><strong>I . Teoreetiline \u00f5pe -20 ak.t<\/strong><br \/>\n1.1. T\u00f6\u00f6keskkonna ohutus<br \/>\n1.2 Materjalide tundmine<br \/>\n1.3 P\u00f5hiteadmised elektrist ja elektrotehnikast<br \/>\n1.4 Keevitusalased normatiivaktid ja standardid<br \/>\n1.5 Tehniliste jooniste lugemine ja eskiiside valmistamine, anal\u00fc\u00fcsimine ja kirjeldamine<br \/>\n1.6 Eritehnoloogia<\/td>\n<td width=\"510\">T\u00f6\u00f6tervishoid, t\u00f6\u00f6ohutus, tuleohutus. Individuaalsed kaitsevahendid. Oma t\u00f6\u00f6koha korraldamine. Keevisliidete p\u00f5hit\u00fc\u00fcbid. P\u00f5hiliste ohutegurite m\u00e4\u00e4ratlemine, tundmine, v\u00e4ltimine ja k\u00f5rvaldamine. Metallide f\u00fc\u00fcsilised ja keemilised omadused. Elektrivool, p\u00f5him\u00f5tted, omadused. Alalisvool,\u00a0 vahelduvvool. Elektriohutus<br \/>\nKeevitusmaterjalide markeerimine ja valik. Keevitusalased normatiivaktid ja standardid (EVS -EN 9606-1, EVS- EN -287-1). Sertifikaatidel esitatav informatsioon. Keevitusprotsesside kontroll (EN -970 , EVS- EN -5817 ,\u00a0 EVS- EN- 288).\u00a0 Ohutusn\u00f5uded keevitamisel. Tehniliste jooniste lugemine.<br \/>\nEskiiside valmistamine, anal\u00fc\u00fcsimine ja kirjeldamine. L\u00e4bil\u00f5iked, ristl\u00f5iked, vaated. MMA \u00a0keevituse seadmed. Keevitusmaterjalid. Keevitustehnika keevitamisel erinevates asendites. \u00d5mbluse t\u00e4itmise v\u00f5tted. Pealesulatuse liigid. Pealesulatusv\u00f5tted. P\u00f5kk\u2010 ja nurk\u00f5mbluste keevitamine. Keevitus erinevates ruumilistes asendites. Detaili servade ettevalmistamine.<br \/>\nDetailide kokkusobitamine, traageldamine. V\u00e4limised ja sisemised defektid.<br \/>\nDefektide tekke p\u00f5hjused ja nende v\u00e4ltimine. Defektide parandamise v\u00f5tted.<br \/>\nDeformatsioonide tekkimise p\u00f5hjused ja nende v\u00e4ltimine. Keevis\u00f5mbluste kontrolli meetodid.<\/td>\n<\/tr>\n<tr>\n<td width=\"189\"><strong>II. <\/strong><strong>Praktika \u00f5ppebaasis- 52 ak.t<\/strong><br \/>\n<strong>\u00a0<\/strong><\/td>\n<td width=\"510\">Praktika k\u00e4igus arendab kutseoskuseid ja hoiakuid, s\u00fcvendab teadmisi, oskusi ja vilumusi keevituse erinevate valdkondade osas.\u00a0 Praktika h\u00f5lmab: k\u00e4sikaarkeevitamine \u2013 (111 MMA), plaatide nurk\u00f5mblusi asendites PA, PB, PC, PD ja PF ja plaatide p\u00f5kk\u00f5mblusi asendis PA, PC, PF, \u00a0PG ,roostevaba v\u00f5i s\u00fcsinikteras toru asendis PA, PH, H-L045 l\u00e4htuvalt WPS-ist ja kvaliteeditasemest B, keevitusalased standardid ja juhendid, EVS- EN 9606-1. Teeb valmis tootele j\u00e4relt\u00f6\u00f6tluse, eemaldades pindadelt pritsmed, \u0161laki jm ebapuhtused.<\/td>\n<\/tr>\n<tr>\n<td width=\"189\"><strong>L\u00f5pueksam: 8 ak.t<\/strong><br \/>\n<strong>\u00a0<\/strong><\/td>\n<td width=\"510\">Test ja praktiliste \u00fclesannete sooritamine.<br \/>\nL\u00f5pueksam koosneb teoreetilisest osast (testist) ja praktilisest t\u00f6\u00f6st.<br \/>\n1. Teoreetiline eksam sisaldab teemasid: keevitaja t\u00f6\u00f6koha organiseerimine, t\u00f6\u00f6ohutus, keevitusseadmed, keevitustehnoloogia ja tehnika, keevitusmaterjalid, 111 MMA keevitus, keevis\u00f5mblused, materjalide deformatsioon, keevituse defektid.<br \/>\n2. Praktiline t\u00f6\u00f6: keevitab omal valikul kaks vajalikku n\u00e4idist\u00a0 111 MMA:<br \/>\n-\u00a0 \u00fcks plaatide nurk\u00f5mblusi asenditest PB, PF, PH, PC, PD \u00a0ning.<br \/>\n-\u00a0 \u00fcks plaatide p\u00f5kk\u00f5mblusi asenditest PF, PC, PG,<br \/>\ntoru asendis PH v\u00f5i H-L045 vastavalt EVS- EN 9606-1 ja\u00a0kvaliteeditasemest B.<\/td>\n<\/tr>\n<tr>\n<td width=\"189\"><strong>\u00d5ppemetoodika kirjeldus<\/strong><\/td>\n<td width=\"510\">\u00d5ppegrupis luuakse positiivne, motiveeriv ja usalduslik \u00f5pikeskkond. Koolitusel on etten\u00e4htud teoreetilised loengud ja praktilised harjutused,\u00a0 mis arvestavad koolituse sihtr\u00fchma ja nende \u00f5pioskusi. Kasutamisel on erinevad meetodid: loengud,\u00a0 diskussioonid, n\u00e4itlikustamine, praktika. Koolitus on praktilise suunitlusega, toimub praktiline keevitamine t\u00f6\u00f6kojas lektori\/instruktori juhendamisel. Lektor annab igale osalejale tagasiside.<\/td>\n<\/tr>\n<tr>\n<td width=\"189\"><strong>\u00d5pitulemuste hindamise viis <\/strong>(hindamismeetodid ja hindamiskriteeriumid)<\/td>\n<td width=\"510\"><u>Hindamismeetod<\/u> 1. Test 2. Praktiline t\u00f6\u00f6<br \/>\n<u>Hindamiskriteerium<\/u> 1. Test on edukalt sooritatud v\u00e4hemalt 50%.<br \/>\n2. Koolitatav on edukalt keevitas plaatide nurk\u00f5mblusi ja \u00a0p\u00f5kk\u00f5mblusi\u00a0 vastavalt EVS -EN 9606-1, EVS -EN -ISO -5817.<\/td>\n<\/tr>\n<tr>\n<td width=\"189\"><strong>L\u00f5petamise tingimused ja v\u00e4ljastatavad dokumendid<\/strong><\/td>\n<td width=\"510\">Tunnistus on t\u00e4ienduskoolituse l\u00f5petamist t\u00f5endav dokument, mis v\u00e4ljastatakse isikule juhul, kui koolituse k\u00e4igus hinnati \u00f5piv\u00e4ljundite saavutatust ja isik saavutas k\u00f5ik \u00f5ppekava l\u00f5petamiseks n\u00f5utud \u00f5piv\u00e4ljundid.<br \/>\nT\u00f5end koolituses osalemise v\u00f5i selle l\u00e4bimise kohta v\u00e4ljastatakse juhul, kui \u00f5ppija osales koolitusprotsessis\u00a0 v\u00e4hem kui 80% ja ei saavutanud k\u00f5iki \u00f5ppekava l\u00f5petamiseks n\u00f5utud \u00f5piv\u00e4ljundeid.<\/td>\n<\/tr>\n<tr>\n<td width=\"189\"><strong>Koolitaja kvalifikatsioon<\/strong><\/td>\n<td width=\"510\">Koolitaja, kellel on vastav haridus v\u00f5i on olemas v\u00e4hemalt kolmeaastane t\u00f6\u00f6kogemus samas valdkonnas.<\/p>\n<p><strong><em>Vassili- V\u00e4ino Petrov<\/em><\/strong><strong><em>. <\/em><\/strong>K\u00f5rgharidus: Tallinna Pol\u00fctehniline Instituut,\u00a0 Leningradi Pol\u00fctehniline Instituut, keevitusseadmed ja tehnoloogia. On l\u00e4binud European Welding\u00a0 Engineer (720 tundi) ja \u00a0International Welding Engineer koolituse (240 tundi), kutsepedagoogika (320 tundi) ning oli Kutsekeskkooli nr 11 (IVKHK) keevitajate metoodiliste komisjonide esimees. Alates 1997.aastast keevituserialaste loengute l\u00e4biviimine, SVS-L Koolituskeskus.\u00a0 T\u00f6\u00f6kogemus\u00a0 \u00fcle 50 aasta.<br \/>\n<strong><em>Stanislav Korolev. <\/em><\/strong>K\u00f5rgharidus: Leningradi Industriaalne- Pedagoogiline Tehnikum, keevitustehnik-tehnoloog tootmis\u00f5petuse \u00f5ppemeiste. T\u00e4iskasvanute koolitaja, 6.tase. T\u00f6\u00f6kogemus\u00a0 \u00fcle 25 aasta.<\/td>\n<\/tr>\n<\/tbody>\n<\/table>\n","protected":false},"excerpt":{"rendered":"<p>\u00d5ppekava nimetus 111 MMM \u2013 K\u00e4sikaarkeevituse \u00a0t\u00e4iend\u00f5ppe koolitus \u00d5ppekavar\u00fchm Mehaanika ja metallit\u00f6\u00f6 \u00d5ppekava koostamise alus Kutsestandard \u201eKeevitaja\u201c, tase 4 (\u00fcldoskused\u00a0 B.2, kompetentsid B.3.1-B.3.3...<\/p>\n","protected":false},"author":1,"featured_media":0,"parent":0,"menu_order":0,"comment_status":"closed","ping_status":"closed","template":"page-onecolumn.php","meta":{"footnotes":""},"class_list":["post-6949","page","type-page","status-publish","hentry"],"_links":{"self":[{"href":"https:\/\/www.svsl.edu.ee\/ru\/wp-json\/wp\/v2\/pages\/6949","targetHints":{"allow":["GET"]}}],"collection":[{"href":"https:\/\/www.svsl.edu.ee\/ru\/wp-json\/wp\/v2\/pages"}],"about":[{"href":"https:\/\/www.svsl.edu.ee\/ru\/wp-json\/wp\/v2\/types\/page"}],"author":[{"embeddable":true,"href":"https:\/\/www.svsl.edu.ee\/ru\/wp-json\/wp\/v2\/users\/1"}],"replies":[{"embeddable":true,"href":"https:\/\/www.svsl.edu.ee\/ru\/wp-json\/wp\/v2\/comments?post=6949"}],"version-history":[{"count":27,"href":"https:\/\/www.svsl.edu.ee\/ru\/wp-json\/wp\/v2\/pages\/6949\/revisions"}],"predecessor-version":[{"id":8325,"href":"https:\/\/www.svsl.edu.ee\/ru\/wp-json\/wp\/v2\/pages\/6949\/revisions\/8325"}],"wp:attachment":[{"href":"https:\/\/www.svsl.edu.ee\/ru\/wp-json\/wp\/v2\/media?parent=6949"}],"curies":[{"name":"wp","href":"https:\/\/api.w.org\/{rel}","templated":true}]}}