{"id":7280,"date":"2023-08-17T16:34:51","date_gmt":"2023-08-17T14:34:51","guid":{"rendered":"https:\/\/www.svsl.edu.ee\/?page_id=7280\/"},"modified":"2024-09-18T12:05:32","modified_gmt":"2024-09-18T10:05:32","slug":"160_ak-tundi_141_tig","status":"publish","type":"page","link":"https:\/\/www.svsl.edu.ee\/ru\/160_ak-tundi_141_tig\/","title":{"rendered":"141 TIG - \u0420\u0430\u0441\u0448\u0438\u0440\u0435\u043d\u043d\u044b\u0439 \u043a\u0443\u0440\u0441 \u043e\u0431\u0443\u0447\u0435\u043d\u0438\u044f \u0430\u0440\u0433\u043e\u043d\u043d\u043e\u0439 \u0441\u0432\u0430\u0440\u043a\u0435"},"content":{"rendered":"<table width=\"699\">\n<tbody>\n<tr>\n<td width=\"189\"><strong>\u00d5ppekava nimetus<\/strong><\/td>\n<td width=\"510\">141 TIG \u2013 argoonkeevituse \u00a0alg\u00f5ppe \u00a0koolitus<\/td>\n<\/tr>\n<tr>\n<td width=\"189\"><strong>\u00d5ppekavar\u00fchm<\/strong><\/td>\n<td width=\"510\">Mehaanika ja metallit\u00f6\u00f6<\/td>\n<\/tr>\n<tr>\n<td width=\"189\"><strong>\u00d5ppekava koostamise alus<\/strong><\/td>\n<td width=\"510\">Kutsestandard \u201eKeevitaja\u201c, tase 4 (\u00fcldoskused\u00a0 B.2, kompetentsid B.3.1-B.3.3 , B.3.6\u00a0 -keevitusviis 141 TIG), standard EVS-EN 9606-1.<\/td>\n<\/tr>\n<tr>\n<td width=\"189\"><strong>\u00d5ppekeel<\/strong><\/td>\n<td width=\"510\">vene keel<\/td>\n<\/tr>\n<tr>\n<td width=\"189\"><strong>Eesm\u00e4rk<\/strong><\/td>\n<td width=\"510\">Valmistada ette konkurentsiv\u00f5imelisi spetsialiste. Koolitatav oskab kasutada oma t\u00f6\u00f6s TIG-keevitamise \u00a0(141 TIG).<\/td>\n<\/tr>\n<tr>\n<td width=\"189\"><strong>\u00d5piv\u00e4ljundid<\/strong><\/td>\n<td width=\"510\">Koolituse l\u00f5puks keevitaja: - valmistab ja koostab detailid keevitamiseks teatud tingimustes vastavalt kvaliteedin\u00f5uetele; - kasutab t\u00f6\u00f6jooniseid, t\u00f6\u00f6juhendit ja tehnoloogilist kaarti (WPS) vastavalt EVS- EN 9606-1; - kasutab TIG-keevitamise (plaatide nurk\u00f5mblusi ja\u00a0 p\u00f5kk\u00f5mblusi)\u00a0 t\u00f6\u00f6viise vastavalt p\u00fcstitatud \u00fclesandele; - teab keevituses \u00fcldlevinud defekte ning oskama neid ennetada ja k\u00f5rvaldada; - teeb valmis tootele j\u00e4relt\u00f6\u00f6tluse, eemaldades pindadelt pritsmed, \u0161laki jm ebapuhtused; - j\u00e4rgib t\u00f6\u00f6tervishoiu- ja t\u00f6\u00f6ohutusn\u00f5udeid.<\/td>\n<\/tr>\n<tr>\n<td width=\"189\"><strong>Sihtr\u00fchm <\/strong><\/td>\n<td width=\"510\">- v\u00e4hemalt 18-aastased, kes tahavad omandada keevitaja oskusi<\/td>\n<\/tr>\n<tr>\n<td width=\"189\"><strong>\u00d5pingute alustamise tingimused<\/strong><\/td>\n<td width=\"510\">Koolitusele v\u00f5etakse vastu selleks soovi avaldanud t\u00e4iskasvanuid avalduse alusel.<\/td>\n<\/tr>\n<tr>\n<td width=\"189\"><strong>\u00d5ppe kogumaht<\/strong><\/td>\n<td width=\"510\"><strong>160 akadeemilist tundi, millest:<\/strong><br \/>\n-  40\u00a0 ak.t. - teoreetiline \u00f5pe<br \/>\n-  112 ak.t -praktika \u00f5ppebaasis<br \/>\n-  8 ak.t \u2013 l\u00f5pueksam (test ja praktiline t\u00f6\u00f6)<\/td>\n<\/tr>\n<tr>\n<td width=\"189\"><strong>\u00d5ppekeskkond<\/strong><\/td>\n<td width=\"510\">\u00d5ppet\u00f6\u00f6 viiakse l\u00e4bi SVS-L Koolituskeskuse ruumides asukohaga Metsapargi 16, Kohtla-J\u00e4rve. Keevitaja koolituse teoreetiline \u00f5pe toimub keevitaja eritehnoloogia klassis, milles on 15 \u00f5ppekohta (63 m\u00b2). Koolituse praktiline \u00f5pe toimub koolituskeskuse keevitut\u00f6\u00f6kojas, milles on 15 kaasaegsete seadmetega varustatud t\u00f6\u00f6kohta \u00a0, metalli gaasl\u00f5ikamise aparaat (gaasil\u00f5ikur) ja \u00f5pilastele etten\u00e4htud keevitusdetailide ettevalmistusala. Keevituskabiinid on varustatud \u00e4rat\u00f5mbeventilatsiooni ja kohtvalgustitega. Ohutuse tagamiseks on k\u00f5ikidel \u00f5pilastel t\u00f6\u00f6kaitsevahendid: vastavad t\u00f6\u00f6riided, keevitusmask, kaitsekiiver ja kindad<\/td>\n<\/tr>\n<tr>\n<td width=\"189\"><strong>\u00d5ppematerjalide loend<\/strong><\/td>\n<td width=\"510\">Koolitaja poolt loodud \u00f5ppematerjalid, sobiva raskusastmega.<br \/>\nK\u00f5igile osalejatele komplekteeritakse individuaalsed \u00f5ppemapid.<\/td>\n<\/tr>\n<tr>\n<tr>\n<td width=\"189\"><\/td>\n<td \" width=\"510\"><strong>\u00d5ppe sisu <\/strong><\/td>\n<\/tr>\n<tr>\n<td width=\"189\"><strong>Teema nimetus<\/strong><\/td>\n<td width=\"510\"><strong>Sisu l\u00fchikirjeldus<\/strong><\/td>\n<\/tr>\n<tr>\n<td width=\"189\"><strong>I . Teoreetiline \u00f5pe -40ak.t<\/strong><br \/>\n1.1. T\u00f6\u00f6keskkonna ohutus<br \/>\n1.2 Materjalide tundmine<br \/>\n1.3 Keevitusalased normatiivaktid ja standardid<br \/>\n1.4 P\u00f5hiteadmised elektrist ja elektrotehnikast<br \/>\n1.5 Tehniliste jooniste lugemine ja eskiiside valmistamine, anal\u00fc\u00fcsimine ja kirjeldamine<br \/>\n1.6 Eritehnoloogia<\/td>\n<td width=\"510\">T\u00f6\u00f6tervishoid ja t\u00f6\u00f6ohutus. Tuleohutus.<br \/>\nIndividuaalsed kaitsevahendid. Oma t\u00f6\u00f6koha korraldamine. Keevisliidete p\u00f5hit\u00fc\u00fcbid. P\u00f5hiliste ohutegurite m\u00e4\u00e4ratlemine, tundmine, v\u00e4ltimine ja k\u00f5rvaldamine. Metallide f\u00fc\u00fcsilised ja keemilised omadused. Keevitusmaterjalide markeerimine ja valik. Keevitusalased normatiivaktid ja standardid (EVS EN 9606-1, EVS EN 287-1). Sertifikaatidel esitatav informatsioon. Keevitusprotsesside kontroll (EN 970 , EVS EN 25817 ,\u00a0 EVS EN 288 ).\u00a0 Ohutusn\u00f5uded keevitamisel. Tehniliste jooniste lugemine.<br \/>\nEskiiside, anal\u00fc\u00fcsimine ja kirjeldamine. L\u00e4bil\u00f5iked, ristl\u00f5iked, vaated. TIG- \u00a0keevituse seadmed. Keevitusmaterjalid. Keevitustehnika keevitamisel erinevates asendites. \u00d5mbluse t\u00e4itmise v\u00f5tted. Pealesulatuse liigid. Pealesulatusv\u00f5tted. P\u00f5kk\u2010 ja nurk\u00f5mbluste keevitamine. Keevitus erinevates ruumilistes asendites. Detaili servade ettevalmistamine.<br \/>\nDetailide kokkusobitamine, traageldamine. V\u00e4limised ja sisemised defektid.<br \/>\nDefektide tekke p\u00f5hjused ja nende v\u00e4ltimine. Defektide parandamise v\u00f5tted.<br \/>\nDeformatsioonide tekkimise p\u00f5hjused ja nende v\u00e4ltimine. Keevis\u00f5mbluste kontrolli meetodid.<\/td>\n<\/tr>\n<tr>\n<td width=\"189\"><strong>II. <\/strong><strong>Praktika \u00f5ppebaasis- 112 ak.t<\/strong><\/p>\n<p><strong>\u00a0<\/strong><\/td>\n<td width=\"510\">Praktika k\u00e4igus arendab kutseoskuseid ja hoiakuid, s\u00fcvendab teadmisi, oskusi ja vilumusi keevituse erinevate valdkondade osas. \u00a0Praktika h\u00f5lmab: TIG-keevitamine \u2013 (141 TIG ), plaatide nurk\u00f5mblusi asendites PB ,PH \u00a0ja \u00a0plaatide p\u00f5kk\u00f5mblusi asendis PA\u00a0 , PC,\u00a0 roostevaba v\u00f5i s\u00fcsinikteras toru asendis \u00a0\u00a0\u00a0\u00a0\u00a0\u00a0\u00a0\u00a0PA (p\u00f6\u00f6ratav toru ) , PH \u00a0l\u00e4htuvalt WPS-ist ja kvaliteeditasemest C .<br \/>\nTeeb valmis tootele j\u00e4relt\u00f6\u00f6tluse, eemaldades pindadelt pritsmed, \u0161laki jm ebapuhtused.<\/td>\n<\/tr>\n<tr>\n<td width=\"189\"><strong>L\u00f5pueksam: 8 ak.t<\/strong><\/p>\n<p><strong>\u00a0<\/strong><\/td>\n<td width=\"510\">L\u00f5pueksam koosneb teoreetilisest osast (testist) ja praktilisest t\u00f6\u00f6st.<br \/>\n1. Teoreetiline eksam sisaldab teemasid: \u00b7 Keevitaja t\u00f6\u00f6koha organiseerimine; \u00b7 T\u00f6\u00f6ohutus; \u00b7 Keevitusseadmed; \u00b7 Keevitustehnoloogiad ja tehnika; \u00b7 Keevitusmaterjalid; \u00b7 TIG keevitus; \u00b7 Keevis\u00f5mblused; \u00b7 Materjalide deformatsioon; \u00b7 Keevituse defektid;<br \/>\n2.\u00a0\u00a0\u00a0\u00a0 Praktiline t\u00f6\u00f6:<br \/>\n1)\u00a0\u00a0\u00a0\u00a0 141 TIG, plaatide nurk\u00f5mblusi asendites PB ja PH<br \/>\n2)\u00a0\u00a0\u00a0\u00a0 plaatide p\u00f5kk\u00f5mblusi \u00a0\u00a0asendis \u00a0PA ( p\u00f6\u00f6ratav toru ) \u00a0ja toru asendis PC<\/td>\n<\/tr>\n<tr>\n<td width=\"189\"><strong>\u00d5ppemetoodika kirjeldus<\/strong><\/td>\n<td width=\"510\">\u00d5ppegrupis luuakse positiivne, motiveeriv ja usalduslik \u00f5pikeskkond. Koolitusel on etten\u00e4htud teoreetilised loengud ja praktilised harjutused,\u00a0 mis arvestavad koolituse sihtr\u00fchma ja nende \u00f5pioskusi. Kasutamisel on erinevad meetodid: loengud,\u00a0 diskussioonid, n\u00e4itlikustamine, praktika. Koolitus on praktilise suunitlusega, toimub praktiline keevitamine t\u00f6\u00f6kojas lektori\/instruktori juhendamisel. Lektor annab igale osalejale tagasiside.<\/td>\n<\/tr>\n<tr>\n<td width=\"189\"><strong>\u00d5pitulemuste hindamise viis <\/strong>(hindamismeetodid ja hindamiskriteeriumid)<\/td>\n<td width=\"510\"><u>Hindamismeetod<\/u> 1. Test 2. Praktiline t\u00f6\u00f6<br \/>\n<u>Hindamiskriteerium<\/u> 1. Test on edukalt sooritatud v\u00e4hemalt 50%.<br \/>\n2. Koolitatav on edukalt keevitas plaatide nurk\u00f5mblusi ja\u00a0 p\u00f5kk\u00f5mblusi\u00a0 vastavalt kvaliteeditasemest C.<\/td>\n<\/tr>\n<tr>\n<td width=\"189\"><strong>L\u00f5petamise tingimused ja v\u00e4ljastatavad dokumendid<\/strong><\/td>\n<td width=\"510\">Tunnistus on t\u00e4ienduskoolituse l\u00f5petamist t\u00f5endav dokument, mis v\u00e4ljastatakse isikule juhul, kui koolituse k\u00e4igus hinnati \u00f5piv\u00e4ljundite saavutatust ja isik saavutas k\u00f5ik \u00f5ppekava l\u00f5petamiseks n\u00f5utud \u00f5piv\u00e4ljundid.<br \/>\nT\u00f5end koolituses osalemise v\u00f5i selle l\u00e4bimise kohta v\u00e4ljastatakse juhul, kui \u00f5ppija osales koolitusprotsessis\u00a0 v\u00e4hem kui 80% ja ei saavutanud k\u00f5iki \u00f5ppekava l\u00f5petamiseks n\u00f5utud \u00f5piv\u00e4ljundeid.<\/td>\n<\/tr>\n<tr>\n<td width=\"189\"><strong>Koolitaja kvalifikatsioon<\/strong><\/td>\n<td width=\"510\">Koolitaja, kellel on vastav haridus v\u00f5i on olemas v\u00e4hemalt kolmeaastane t\u00f6\u00f6kogemus samas valdkonnas.<\/p>\n<p><strong><em>Vassili-V\u00e4ino Petrov<\/em><\/strong><strong><em>. <\/em><\/strong>K\u00f5rgharidus: Tallinna Pol\u00fctehniline Instituut,\u00a0 Leningradi Pol\u00fctehniline Instituut, keevitusseadmed ja tehnoloogia. On l\u00e4binud European Welding\u00a0 Engineer (720 tundi) ja \u00a0International Welding Engineer koolituse (240 tundi), kutsepedagoogika (320 tundi)\u00a0 ning oli Kutsekeskkooli nr 11 (IVKHK) keevitajate metoodiliste komisjonide esimees. Alates 1997.aastast keevituserialaste loengute l\u00e4biviimine, SVS-L Koolituskeskus.\u00a0 T\u00f6\u00f6kogemus\u00a0 \u00fcle 50 aasta.<br \/>\n<strong><em>Stanislav Korolev. <\/em><\/strong>Keskeriharidus: Leningradi Industriaalne- Pedagoogiline Tehnikum, keevitustehnik-tehnoloog tootmis\u00f5petuse \u00f5ppemeiste. T\u00e4iskasvanute koolitaja, 6.tase. T\u00f6\u00f6kogemus\u00a0 \u00fcle 25 aasta.<\/td>\n<\/tr>\n<\/tbody>\n<\/table>\n","protected":false},"excerpt":{"rendered":"<p>\u00d5ppekava nimetus 141 TIG \u2013 argoonkeevituse \u00a0alg\u00f5ppe \u00a0koolitus \u00d5ppekavar\u00fchm Mehaanika ja metallit\u00f6\u00f6 \u00d5ppekava koostamise alus Kutsestandard \u201eKeevitaja\u201c, tase 4 (\u00fcldoskused\u00a0 B.2, kompetentsid B.3.1-B.3.3...<\/p>\n","protected":false},"author":1,"featured_media":0,"parent":0,"menu_order":0,"comment_status":"closed","ping_status":"closed","template":"page-onecolumn.php","meta":{"footnotes":""},"class_list":["post-7280","page","type-page","status-publish","hentry"],"_links":{"self":[{"href":"https:\/\/www.svsl.edu.ee\/ru\/wp-json\/wp\/v2\/pages\/7280","targetHints":{"allow":["GET"]}}],"collection":[{"href":"https:\/\/www.svsl.edu.ee\/ru\/wp-json\/wp\/v2\/pages"}],"about":[{"href":"https:\/\/www.svsl.edu.ee\/ru\/wp-json\/wp\/v2\/types\/page"}],"author":[{"embeddable":true,"href":"https:\/\/www.svsl.edu.ee\/ru\/wp-json\/wp\/v2\/users\/1"}],"replies":[{"embeddable":true,"href":"https:\/\/www.svsl.edu.ee\/ru\/wp-json\/wp\/v2\/comments?post=7280"}],"version-history":[{"count":10,"href":"https:\/\/www.svsl.edu.ee\/ru\/wp-json\/wp\/v2\/pages\/7280\/revisions"}],"predecessor-version":[{"id":8374,"href":"https:\/\/www.svsl.edu.ee\/ru\/wp-json\/wp\/v2\/pages\/7280\/revisions\/8374"}],"wp:attachment":[{"href":"https:\/\/www.svsl.edu.ee\/ru\/wp-json\/wp\/v2\/media?parent=7280"}],"curies":[{"name":"wp","href":"https:\/\/api.w.org\/{rel}","templated":true}]}}