{"id":7914,"date":"2024-02-15T18:03:16","date_gmt":"2024-02-15T16:03:16","guid":{"rendered":"https:\/\/www.svsl.edu.ee\/?page_id=7914\/"},"modified":"2024-02-15T18:05:39","modified_gmt":"2024-02-15T16:05:39","slug":"kaasaegse-burootootaja-digipadevused","status":"publish","type":"page","link":"https:\/\/www.svsl.edu.ee\/ru\/kaasaegse-burootootaja-digipadevused\/","title":{"rendered":"\u0414\u0438\u0433\u0438\u0442\u0430\u043b\u044c\u043d\u044b\u0435 \u043d\u0430\u0432\u044b\u043a\u0438 \u0434\u043b\u044f \u0441\u043e\u0432\u0440\u0435\u043c\u0435\u043d\u043d\u043e\u0433\u043e \u043e\u0444\u0438\u0441\u043d\u043e\u0433\u043e \u0440\u0430\u0431\u043e\u0442\u043d\u0438\u043a\u0430."},"content":{"rendered":"<p><strong>\u00d5ppekava nimetus:<\/strong> <u>Kaasaegse b\u00fcr\u00f6\u00f6t\u00f6\u00f6taja digip\u00e4devused<\/u><\/p>\n<p><strong>\u00d5ppekavar\u00fchm:<\/strong> Arvutikasutus<\/p>\n<p><strong>\u00d5ppe kogumaht kokku:<\/strong> 53 ak.t, millest 45 on auditoorne t\u00f6\u00f6 ja 8 ak.t iseseisev t\u00f6\u00f6<\/p>\n<p><strong>\u00d5ppekava koostamise alus:<\/strong> Sekret\u00e4r, 5 tase (B.2. 6 \u00fcldoskused, B.3.1 2 kompetentsid) ja Juhiabi, 6 tase kutsestandard (B.2.5 \u00fcldoskused)<\/p>\n<p><strong>\u00d5ppekeel:<\/strong> vene keel\/eesti keel<\/p>\n<p><strong>Eesm\u00e4rk: <\/strong>koolitusel omandab \u00f5ppija digip\u00e4devused, mida saab rakendada igap\u00e4evases t\u00f6\u00f6s ja elus.<\/p>\n<p>oskused tekstide t\u00f6\u00f6tlemisel ja tabelarvutuste tegemisel, esitluste loomisel ning kasutab kontorit\u00f6\u00f6s sotsiaalset tarkvara ja pilvelahendused.<\/p>\n<p><strong>\u00d5piv\u00e4ljundid<\/strong><\/p>\n<ul>\n<li>kasutab MS Word ja MS Excel peamisi t\u00f6\u00f6v\u00f5tteid;<\/li>\n<li>koostab esitlusi MS Power Point programmis;<\/li>\n<li>kasutab grupit\u00f6\u00f6s kaasaegsed pilvelahendused ja sotsiaalset tarkvara koost\u00f6\u00f6vahendina.<\/li>\n<\/ul>\n<p><strong>Sihtgrupp:<\/strong> b\u00fcroot\u00f6\u00f6tajad, sekret\u00e4rid ja k\u00f5ik muu huvitatud isikud, kes soovivad t\u00e4iendada v\u00f5i v\u00e4rskendada oma teadmisi.<\/p>\n<p><strong>\u00d5ppe alustamise tingimused: <\/strong>koolituse osalejad peavad omama\u00a0 p\u00f5hiteadmisi arvuti kasutamisest (failide avamine ja programmide k\u00e4ivitamine, elektronposti kasutamine, orienteeruma arvuti failis\u00fcsteemist).<\/p>\n<p><strong>\u00d5ppesisu:<\/strong><\/p>\n<p>MS Word (5 ak.t)<\/p>\n<ul>\n<li>tekstiredaktori funktsionaalsed vahendid;<\/li>\n<li>teksti sisestamine ja redigeerimine;<\/li>\n<li>tabeli loomine;<\/li>\n<li>elementide lisamine ja laadide kasutamine;<\/li>\n<li>dokumendi liigendamine, sisukorra-, alam\u00e4rkuste ja viidete kasutamine.<\/li>\n<\/ul>\n<p>MS Excel(15 ak.t)<\/p>\n<ul>\n<li>tabeli loomine (andmete redigeerimine, kopeerimine, teisaldamine);<\/li>\n<li>t\u00f6\u00f6 lahtrite, ridade ja veergudega;<\/li>\n<li>tabelitega t\u00f6\u00f6tamise standardsed vahendid (valemid, funktsioonid, arvutused);<\/li>\n<li>andmet\u00fc\u00fcbid ja andmete j\u00e4rjestamine;<\/li>\n<li>diagrammi loomine (tulp-, sektor- ja joondiagramm);<\/li>\n<li>tabeli ja diagrammi viimine tekstiredaktorisse;<\/li>\n<li>tabeli salvestamine ja v\u00e4ljatr\u00fckk.<\/li>\n<\/ul>\n<p>MS Power Point (5 ak.t)<\/p>\n<ul>\n<li>slaidide loomine ja kujundamine;<\/li>\n<li>objekti ja multimeedia elementide lisamine;<\/li>\n<li>erinevate animatsioonide kasutamine;<\/li>\n<li>slaidide vaatamine ja haldamine;<\/li>\n<li>esitluse l\u00e4biviimine.<\/li>\n<\/ul>\n<p>Pilvelahendused ja sotsiaalne tarkvara (20 ak.t)<\/p>\n<ul>\n<li>pilvelahendus kontorit\u00f6\u00f6s (Google Drive, OneDrive, Dropbox vms) ja erinevad koost\u00f6\u00f6v\u00f5imalused (\u00fchised kalendrid, t\u00f6\u00f6\u00fclesanded, kontaktid);<\/li>\n<li>erinevad koost\u00f6\u00f6v\u00f5imalused kolleegidega ja sotsiaalse tarkvara kasutamine t\u00f6\u00f6s (FB, LinkedIn jt);<\/li>\n<li>videokonverentsides osalemine ja nende korraldamine (Zoom, Skype, Teams jt);<\/li>\n<li>andmekorje (Google Analytics, Google Forms);<\/li>\n<li>viiruset\u00f5rje.<\/li>\n<\/ul>\n<p><strong>\u00d5ppemeetodid:<\/strong> interaktiivsed loengud, praktilised harjutused, grupit\u00f6\u00f6.<\/p>\n<p><strong>Iseseisev t\u00f6\u00f6:<\/strong> iseseisvate \u00fclesannete lahendamine.<\/p>\n<p><strong>\u00d5ppekeskkonna kirjeldus:<\/strong> \u00d5ppet\u00f6\u00f6 toimub koolituskeskuse pakutavates \u00f5pperuumides v\u00f5i osaliselt Zoomis. Koolituskeskuse \u00f5pperuumid on avarad ja komplekteeritud t\u00e4iskasvanutele m\u00f5eldud toolide ja laudadega, kaasaegse tehnikaga (projektor, tahvelarvuti\/lauaarvuti). Kohvipausid on hinna sees.<\/p>\n<p><strong>\u00d5ppematerjalide loend: <\/strong>koolitaja poolt loodud jaotusmaterjalid sobiva raskusastmega. \u00d5ppematerjalid j\u00e4\u00e4vad peale koolituse l\u00f5ppu osalejatele ning on tasuta.<\/p>\n<p><strong>N\u00f5uded koolituse l\u00f5petamiseks, sh hindamismeetodid ja hindamiskriteeriumid:<\/strong><\/p>\n<ul>\n<li>koolitusel osalemine v\u00e4hemalt 80%;<\/li>\n<li>\u00f5pimapi koostamine.<\/li>\n<\/ul>\n<p>Hindamine toimub kogu \u00f5ppeprotsessi jooksul.<\/p>\n<table width=\"602\">\n<tbody>\n<tr>\n<td width=\"301\">Hindamismeetod<\/td>\n<td width=\"301\">Hindamiskriteerium<\/td>\n<\/tr>\n<tr>\n<td width=\"301\">\u00f5pimapi koostamine iseseisvate t\u00f6\u00f6de p\u00f5hjal.<\/td>\n<td width=\"301\">\u00f5pimapp on koostatud korrektselt ja esitatud elektrooniliselt ning saanud koolitajalt positiivse tagasiside. Positiivse hinnangu saamiseks tuleb lahendada MS Excelis \u00fclesanne, koostada presentatsiooni ja salvestada pilveteenuse kasutades.<\/td>\n<\/tr>\n<\/tbody>\n<\/table>\n<p><strong>V\u00e4ljastatavad dokumendid:<\/strong> Tunnistus v\u00e4ljastatakse juhul, kui koolituse l\u00f5petamise tingimused on t\u00e4idetud. Hindamisel mitteosalenud v\u00f5i hindamist mittel\u00e4binud \u00f5ppijale v\u00e4ljastatakse t\u00f5end koolitusel osalemise kohta l\u00e4bitud teemade l\u00f5ikes.<\/p>\n<p><strong>Koolitajate kvalifikatsioon: <\/strong>k\u00f5ik koolitajad omavad t\u00f6\u00f6kogemust \u00f5petatavas valdkonnas v\u00e4hemalt kaks aastat ja t\u00e4iskasvanute koolitamise kogemust.<\/p>\n","protected":false},"excerpt":{"rendered":"<p>\u00d5ppekava nimetus: Kaasaegse b\u00fcr\u00f6\u00f6t\u00f6\u00f6taja digip\u00e4devused \u00d5ppekavar\u00fchm: Arvutikasutus \u00d5ppe kogumaht kokku: 53 ak.t, millest 45 on auditoorne t\u00f6\u00f6 ja 8 ak.t iseseisev t\u00f6\u00f6 \u00d5ppekava...<\/p>\n","protected":false},"author":1,"featured_media":0,"parent":0,"menu_order":0,"comment_status":"closed","ping_status":"closed","template":"page-onecolumn.php","meta":{"footnotes":""},"class_list":["post-7914","page","type-page","status-publish","hentry"],"_links":{"self":[{"href":"https:\/\/www.svsl.edu.ee\/ru\/wp-json\/wp\/v2\/pages\/7914","targetHints":{"allow":["GET"]}}],"collection":[{"href":"https:\/\/www.svsl.edu.ee\/ru\/wp-json\/wp\/v2\/pages"}],"about":[{"href":"https:\/\/www.svsl.edu.ee\/ru\/wp-json\/wp\/v2\/types\/page"}],"author":[{"embeddable":true,"href":"https:\/\/www.svsl.edu.ee\/ru\/wp-json\/wp\/v2\/users\/1"}],"replies":[{"embeddable":true,"href":"https:\/\/www.svsl.edu.ee\/ru\/wp-json\/wp\/v2\/comments?post=7914"}],"version-history":[{"count":3,"href":"https:\/\/www.svsl.edu.ee\/ru\/wp-json\/wp\/v2\/pages\/7914\/revisions"}],"predecessor-version":[{"id":7917,"href":"https:\/\/www.svsl.edu.ee\/ru\/wp-json\/wp\/v2\/pages\/7914\/revisions\/7917"}],"wp:attachment":[{"href":"https:\/\/www.svsl.edu.ee\/ru\/wp-json\/wp\/v2\/media?parent=7914"}],"curies":[{"name":"wp","href":"https:\/\/api.w.org\/{rel}","templated":true}]}}