{"id":965,"date":"2017-09-21T12:54:55","date_gmt":"2017-09-21T09:54:55","guid":{"rendered":"http:\/\/www.svsl.edu.ee\/?page_id=965"},"modified":"2025-08-25T13:09:54","modified_gmt":"2025-08-25T11:09:54","slug":"a2_taseme","status":"publish","type":"page","link":"https:\/\/www.svsl.edu.ee\/ru\/a2_taseme\/","title":{"rendered":"Eesti keele A2-taseme eksamiks ettevalmistav t\u00e4ienduskoolitus"},"content":{"rendered":"<ol>\n<li><strong>T\u00e4ienduskoolitusasutuse nimetus:<\/strong><\/li>\n<\/ol>\n<p><strong>O\u00dc SVS-L\u00a0 Koolituskeskus<\/strong><\/p>\n<p>Reg. nr:\u00a0\u00a0\u00a0\u00a0\u00a0\u00a0\u00a0\u00a0\u00a0\u00a0\u00a0\u00a0\u00a0\u00a0\u00a0\u00a0\u00a0\u00a0\u00a0\u00a0\u00a0\u00a0\u00a0\u00a0\u00a0\u00a0\u00a0\u00a0\u00a0\u00a0\u00a0\u00a0\u00a0 10107667<br \/>\nJuriidiline aadress:\u00a0\u00a0\u00a0\u00a0\u00a0\u00a0\u00a0\u00a0\u00a0\u00a0\u00a0\u00a0\u00a0\u00a0\u00a0\u00a0 Linda 3, J\u00f5hvi EE 41535<br \/>\nTegevusaadress: \u00a0\u00a0\u00a0\u00a0\u00a0\u00a0\u00a0\u00a0\u00a0\u00a0\u00a0\u00a0\u00a0\u00a0\u00a0\u00a0\u00a0\u00a0\u00a0 Metsapargi 16,\u00a0 Kohtla-J\u00e4rve\u00a0 EE 30324<br \/>\ntelefon: \u00a0\u00a0\u00a0\u00a0\u00a0\u00a0\u00a0\u00a0\u00a0\u00a0\u00a0\u00a0\u00a0\u00a0\u00a0\u00a0\u00a0\u00a0\u00a0\u00a0\u00a0\u00a0\u00a0\u00a0\u00a0\u00a0\u00a0\u00a0\u00a0\u00a0\u00a0\u00a0\u00a0 335 0756<br \/>\nE-mail:\u00a0 \u00a0\u00a0\u00a0\u00a0\u00a0\u00a0\u00a0\u00a0\u00a0\u00a0\u00a0\u00a0\u00a0\u00a0\u00a0\u00a0\u00a0\u00a0\u00a0\u00a0\u00a0\u00a0\u00a0\u00a0\u00a0\u00a0\u00a0\u00a0\u00a0\u00a0\u00a0\u00a0 <a href=\"mailto:assvslpetrov@gmail.com\">assvslpetrov@gmail.com<\/a><\/p>\n<ol start=\"2\">\n<li><strong>\u00d5ppekava nimetus:<\/strong><\/li>\n<\/ol>\n<p>Eesti keele A2-taseme eksamiks ettevalmistav t\u00e4ienduskoolitus<\/p>\n<ol start=\"3\">\n<li><strong>\u00d5ppekavar\u00fchm: <\/strong>keele\u00f5pe<\/li>\n<\/ol>\n<ol start=\"4\">\n<li><strong>\u00d5ppe kogumaht <\/strong>(akadeemilistes tundides):<\/li>\n<\/ol>\n<p>200 tundi: millest 150\u00a0 on kontakt\u00f5pet (50 f\u00fc\u00fcsilises \u00f5ppekeskkonnas ja 100 tundi praktilist t\u00f6\u00f6d f\u00fc\u00fcsilises \u00f5ppekeskkonnas) ja 50 tundi iseseisvat t\u00f6\u00f6d<br \/>\n<strong>Iseseisev t\u00f6\u00f6 <\/strong>(kui on):<br \/>\nJooksvad iseseisvad t\u00f6\u00f6d koduseks lahendmiseks<\/p>\n<ol start=\"5\">\n<li><strong>\u00d5ppekava koostamise alus <\/strong><\/li>\n<\/ol>\n<p>Euroopa keele\u00f5ppe raamdokument<br \/>\nIlves \u201eAlgaja keelekasutaja. A2-taseme eesti keele oskus\u201c<\/p>\n<ol start=\"6\">\n<li><strong>Sihtgrupp ja \u00f5ppe alustamise tingimused:<\/strong><\/li>\n<\/ol>\n<p>Isikud, kes soovivad alustada eesti keele \u00f5pingutega. On vajalik isiku \u00f5ppimise sooviavaldus v\u00f5i t\u00f6\u00f6andja suunamiskiri.<br \/>\n<strong>\u00d5pingute alustamise tingimused<\/strong><br \/>\nIsikud, kelle keeleoskuse tase vastab A1-tasemele ning kes soovivad omandada eesti keele oskust keeletasemele A2. Koolitustele eelneb koolitatavate keeleoskustaseme hindamine testi abil.<\/p>\n<ol start=\"7\">\n<li><strong>\u00d5ppe eesm\u00e4rk:<\/strong><\/li>\n<\/ol>\n<p>Luua eeldused eesti keele omandamiseks A2-tasemel.<\/p>\n<ol start=\"8\">\n<li><strong>\u00d5piv\u00e4ljundid.<\/strong><\/li>\n<\/ol>\n<p><strong>Kuuldu m\u00f5istmine<\/strong><br \/>\nM\u00f5istab selgelt ja aeglaselt h\u00e4\u00e4ldatud fraase jm v\u00e4ljendeid, mis seostuvad esmat\u00e4htsate eluvaldkondadega (nt algeline isiku- ja pere teave, sisseostud, kodukoht, t\u00f6\u00f6).<br \/>\n<strong>Loetu m\u00f5istmine<\/strong><br \/>\nM\u00f5istab l\u00fchikesi, lihtsaid tekste, mis sisaldavad sagedasti kasutatavaid ja rahvusvahelise levikuga s\u00f5nu<br \/>\n<strong>\u00dcldine r\u00e4\u00e4kimisoskus<\/strong><br \/>\nOskab lihtsal viisil kirjeldada ja tutvustada inimesi, elu- ja t\u00f6\u00f6tingimusi ning igap\u00e4evatoiminguid; s\u00f5nastada, mis meeldib, mis mitte jne; tekst moodustub lihtsate sides\u00f5nadega seotud lihtfraasidest ja \u2013lausetest. Oskab tervitada ja p\u00f6\u00f6rduda, kasutades lihtsaid igap\u00e4evaseid viisakusv\u00e4ljendeid<br \/>\n<strong>\u00dcldine kirjutamisoskus<\/strong><br \/>\nOskab kirjutada lihtsamaid fraase ja lauseid, \u00fchendades neid lihtsate sides\u00f5nadega nagu \u201eja\u201d, \u201eaga\u201d ning \u201esest. Oskab kirjutada l\u00fchikesi lihtsaid s\u00f5numeid, mis puudutavad talle vajalikke asju.<\/p>\n<ol start=\"9\">\n<li><strong>\u00d5PPE SISU<\/strong><\/li>\n<\/ol>\n<p><strong>Endast ja teistest r\u00e4\u00e4kimine.<\/strong><br \/>\nEnesetutvustamine.<br \/>\nIsikuandmed<br \/>\nIse endast<br \/>\nMinu p\u00e4ev.<br \/>\nVaba aeg, hobid, huvid.<br \/>\nMinu perekond, kodu ja t\u00f6\u00f6d.<br \/>\nInimeste v\u00e4limus ja iseloom.<\/p>\n<p><strong>Haridus<\/strong><br \/>\nHaridustee ja koolielu.<br \/>\nKooliaja lood.<br \/>\nEdasi\u00f5ppimise v\u00f5imalused.<br \/>\n\u00d5ppija lapsevanemana toimingud haridusvaldkonnas.<br \/>\nP\u00f5hiinfo hankimine, e-kool.<\/p>\n<p><strong>Elukutse, amet ja t\u00f6\u00f6<\/strong><br \/>\nT\u00f6\u00f6 ja elukutsed.<br \/>\nT\u00f6\u00f6koht ja amet.<br \/>\nT\u00f6\u00f6pakkumiskuulutused, t\u00f6\u00f6otsing.<br \/>\nT\u00f6\u00f6\u00fclesanded ja t\u00f6\u00f6le asumise kord.<br \/>\nT\u00f6\u00f6intervjuu, enda tutvustamine, k\u00fcsimustest arusaamine ja nendele vastamine.<br \/>\nT\u00f6\u00f6alase vajaliku informatsiooni hankimine ja m\u00f5istmine.<br \/>\nLihtsamate ankeetide t\u00e4itmine.<\/p>\n<p><strong>Teenindus<\/strong><br \/>\nTeenindusasutuse asukoht, lahtiolekuajad, teenuste liigid ja hinnad.<br \/>\nP\u00f5hiteenused, teenindajaga dialoogi pidamine.<br \/>\nLihtsamad toimingud: pangas, postkontoris, juuksuris jm.<br \/>\nTasumisviisid.<br \/>\nTeenuste tutvustamine, juhendite ja siltide m\u00f5istmine.<\/p>\n<p><strong>Igap\u00e4evaelu, kodu ja kodukoht<\/strong><br \/>\nMinu ja perekonna eluase.<br \/>\nOma kodu l\u00e4hi\u00fcmbrus.<br \/>\nMajapidamine ja kodu sisustus.<br \/>\nOlmetingimused, t\u00f6\u00f6d kodus.<br \/>\nKodune elu, peretraditsioonid ja perekondlike t\u00e4htp\u00e4evade t\u00e4histamine.<br \/>\nMinu p\u00e4ev.<br \/>\nMinu l\u00e4hedased.<br \/>\nK\u00fclalised minu kodus.<\/p>\n<p><strong>Enesetunne, tervis ja heaolu<\/strong><br \/>\nEnesetunne, halb enesetunne.<br \/>\nEnda ja oma l\u00e4hedaste tervislik seisund.<br \/>\nRegistratuur, arstide vastuv\u00f5tuajad.<br \/>\nTervishoiuasutuse kirjaliku info p\u00f5hisissu.<br \/>\nHaigused ja nende ennetamine.<br \/>\nApteek, k\u00e4sim\u00fc\u00fcgi-ja retseptiravimid.<br \/>\nKiirabi v\u00e4ljakutse.<\/p>\n<p><strong>Vaba aeg, harrastused ja meelelahutus<\/strong><br \/>\nHuvid ja hobid, vaba aja veetmise eelistused.<br \/>\nLiikumisharrastused, muusikaline maitse ja lugemisharjumused.<br \/>\nTelevisioon, raadio, arvuti, teater, kino.<br \/>\nKultuuri-, meelelahutus- ja spordiasutused, kultuuri-, meelelahutus-\u00a0 ja spordi\u00fcritused.<br \/>\nMeelelahutus\u00fcrituse kirjeldus.<br \/>\nMeelelahutus- ja kultuuri\u00fcrituste info, sinna kutsumine.<\/p>\n<p><strong>Sisseostud, hinnad<\/strong><br \/>\nPoodide asukoht ja lahtiolekuajad.<br \/>\nKaupade kogus, m\u00f5\u00f5dud\u00a0 ja hinnad.<br \/>\nSooritatud ostud turul, poodides ja kaubanduskeskustes.<br \/>\nTasumisviis.<br \/>\nSooduspakkumised, lihtsad sildid, kuulutused.<br \/>\nP\u00f5hiteenuste ja kaupade reklaam.<br \/>\nM\u00fc\u00fcja v\u00f5i klienditeenindaja abipakkumine.<br \/>\nViisakus-ja k\u00e4ibefraasid.<\/p>\n<p><strong>S\u00f6\u00f6k ja jook<\/strong><br \/>\nIgap\u00e4evased toitumisharjumused.<br \/>\nToiduained, toidukorrad.<br \/>\nToidu valmistamine kodus, retseptide kasutamine.<br \/>\nK\u00fclaliste vastuv\u00f5tmine, lauas s\u00f6\u00f6gi ja joogi pakkumine.<br \/>\nS\u00f6\u00f6gi- ja joogikohtade asukoht, lahtiolekuajad ja hinnaklass.<br \/>\nRestoranis laua reserveerimine.<br \/>\nMen\u00fc\u00fc m\u00f5istmine ja tellimuse esitamine.<br \/>\nTasumisviis.<\/p>\n<p><strong>Inimeste suhted \u00fchiskonnas<\/strong><br \/>\nL\u00fchikeste s\u00f5numite ja teadete saatmine, m\u00f5istmine.<br \/>\nAmetiisiku v\u00f5i avaliku asutuse poole p\u00f6\u00f6rdumise p\u00f5hjuse seletamine.<br \/>\nLihtsate siltide ja juhtn\u00f6\u00f6ride arusaamine.<br \/>\nFaktide edastamine.<br \/>\nInimeste v\u00e4limuse, muude omaduste kirjeldamine.<br \/>\nIsikuandmete t\u00e4itmine, enda tutvustamine.<\/p>\n<p><strong>Keskkond, kohad, loodus, ilm<\/strong><br \/>\nKodukoht, kodukant.<br \/>\nMinu kodukoht Eestimaa kaardil.<br \/>\nRiigid Euroopa kaardil.<br \/>\nTeejuhatamine. Kuidas saab?<br \/>\nIlm. Ilmastik. Ilmateade.<br \/>\nAastaajad.<br \/>\nLoodus erinevatel aastaaegadel.<br \/>\nLevinumad loomad, linnud, taimed, puud, lilled.<\/p>\n<p><strong>Kultuur ja keeled, keelte \u00f5ppimine<\/strong><br \/>\nNaaberriigid (pealinnad, rahvused, keel).<br \/>\nT\u00e4htp\u00e4evad ja riigip\u00fchad.<br \/>\nEesti rahvakalender.<br \/>\nKultuuris\u00fcndmuste toimumise koht, aeg, piletihinnad ja esinejad.<\/p>\n<p><strong>Reisimine, transport, vaatamisv\u00e4\u00e4rsused<\/strong><br \/>\n\u00dchistransport.S\u00f5iduplaan.<br \/>\nInformatsioon reisi kohta: reisi aeg, pileti ost, tasumisviis.<br \/>\nSihtpunkti j\u00f5udmine.<br \/>\nMajutuse broneerimine.<br \/>\nVaatamisv\u00e4\u00e4rsused kaardil ja info nende kohta.<br \/>\nReisi kirjeldamine.<br \/>\n<strong>Eesti keele grammatika<\/strong><br \/>\n<strong>Foneetika<\/strong>: h\u00e4\u00e4ldamine: r\u00f5hk, h\u00e4\u00e4likute pikkus, helilised ja helitud h\u00e4\u00e4likud. V\u00f5\u00f5rs\u00f5nade, isiku ja kohanimide h\u00e4\u00e4ldamine.<br \/>\n<strong>K\u00e4\u00e4nds\u00f5nad<\/strong>: nimi-, omadus-, arv- ja ases\u00f5nade k\u00e4\u00e4namine ainsuses ja mitmuse nimetavas, k\u00e4\u00e4nds\u00f5nade astmevaheldus; omaduss\u00f5na v\u00f5rdlusastmed.<br \/>\n<strong>P\u00f6\u00f6rds\u00f5nad<\/strong>: p\u00f6\u00f6rds\u00f5na muutmine olevikus ja minevikus, eitavas ja jaatavas k\u00f5nes, kindlas, k\u00e4skivas ja tingivas k\u00f5neviisis; mineviku liitaegade moodustamine, <strong>ma- <\/strong>ja <strong>da-<\/strong>infinitiivi kasutamine, umbisikulise tegumoe olevik ja minevik. Sagedased \u00fchendverbid. Sagedasemate tegus\u00f5nade rektsioon.<br \/>\n<strong>Muutumatud s\u00f5nad: <\/strong>m\u00e4\u00e4r-, kaas- ja sides\u00f5nade funktsioonid.<br \/>\n<strong>Lause\u00f5petus<\/strong>: lihtlausete moodustamine; s\u00f5naj\u00e4rg lihtlause p\u00f5hit\u00fc\u00fcpides, v\u00e4it-, k\u00fcsi-, k\u00e4sk- ja h\u00fc\u00fcdlaused ning nende l\u00f5pum\u00e4rgid.<br \/>\n<strong>Tuletus\u00f5petus<\/strong>: liits\u00f5nad, t\u00e4htsamad tuletusliited ja nende t\u00e4hendus.<br \/>\n<strong>\u00d5igekiri<\/strong>: t\u00e4hestik ja t\u00e4htede \u00fchendamine; suur- ja v\u00e4iket\u00e4hed. P\u00e4risnimede ja liits\u00f5nade \u00f5igekiri. H\u00e4\u00e4likute, h\u00e4\u00e4liku\u00fchendite \u00f5igekiri.\u00a0 Kirjavahem\u00e4rgid.<\/p>\n<ol start=\"10\">\n<li><strong>\u00d5ppemeetodid:<\/strong><\/li>\n<\/ol>\n<p>\u00d5ppegruppides luuakse positiivne, motiveeriv ja usalduslik \u00f5pikeskkond, mis toetab eelk\u00f5ige suhtlusp\u00e4devuse arendamist ning keelebarj\u00e4\u00e4ri v\u00f5imalike suhtlusprobleemide \u00fcletamist. \u00d5ppijatel on v\u00f5imalus vabalt ideid ja arvamusi avaldada, keeletundides on s\u00f5bralik \u00f5hkkond, kus k\u00f5igi \u00f5pistiilidega arvestatakse. Kursusel kasutatakse kommunikatiivse keele\u00f5ppe p\u00f5him\u00f5tteid ning aktiiv\u00f5ppe meetodeid. Keele\u00f5ppimist n\u00e4hakse toreda m\u00e4nguna, kus positiivne tagasiside saadakse kohe.<br \/>\nAktiiv\u00f5ppe meetodid aitavad \u00f5ppuritel aktiivselt osaleda \u00f5ppeprotsessis. Kasutatakse palju\u00a0 rolli-, suhtlus-, s\u00f5navara-, m\u00e4lu-, arvamus- ja fantaasiam\u00e4nge, et taas luua tegelikus elus ettetulevaid situatsioone. \u00d5ppemetoodikat t\u00e4psustame vastavalt iga \u00f5pilase isikup\u00e4rale, tema varasematele keele- ja kultuuriteadmistele ning kogemustele:<\/p>\n<ul>\n<li>k\u00f5ikidel \u00f5pilastel on v\u00f5imalus arendada oma osaoskusi: kuulamis-, k\u00f5nelemis-, lugemis- ja kirjutamisoskust;<\/li>\n<li>koolitatavatel v\u00f5imalus t\u00f6\u00f6tada kas iseseisvalt, paaris v\u00f5i terve r\u00fchmaga;<\/li>\n<li>k\u00f5ik koolitatavad saavad r\u00e4\u00e4kida eesti keeles, vastata \u00f5petaja k\u00fcsimustele ja esitada oma k\u00fcsimusi;<\/li>\n<li>toimub s\u00f5navara laiendamine diskussioonide ja reaalses elus ettetulevate situatsioonide kaudu;<\/li>\n<li>meedia- ja autentsete audiovisuaalsete materjalide kasutamine (ajaleheartiklid, uudised, filmid).<\/li>\n<\/ul>\n<ol start=\"11\">\n<li><strong>\u00d5ppekeskkonna kirjeldus:<\/strong><\/li>\n<\/ol>\n<p>\u00d5ppekeskkonnana m\u00f5istetakse \u00f5ppijaid \u00fcmbritseva vaimse, sotsiaalse ja f\u00fc\u00fcsilise keskkonna kooslust, milles \u00f5ppijad arenevad ja \u00f5pivad.<\/p>\n<p>SVS-L Koolituskeskus viib l\u00e4bi \u00f5pet ja \u00fcmber\u00f5pet t\u00e4iskasvanutele: eraisikutele, v\u00e4ikese ja keskmise suurusega ettev\u00f5tete esindajatele, haridus- ja meditsiinit\u00f6\u00f6tajatele ja t\u00f6\u00f6tutele.<\/p>\n<p>Oma tegevust alustas koolituskeskus 1996. aastal. Koolitust viiakse l\u00e4bi 24 erialal. Mitmetel erialadel viiakse l\u00e4bi teadmiste ja oskuste autoriseeritud sertifitseerimist, mis on aktsepteeritav ka Euroopa Liidu riikides.<\/p>\n<p>SVS-L Koolituskeskus viib l\u00e4bi koolitusi Ida-Virumaa suuremates linnades: Kohtla-J\u00e4rvel, J\u00f5hvis, Kivi\u00f5lis, Sillam\u00e4el ja Narvas.<\/p>\n<p>\u00d5ppehoones on k\u00fcmme kaasaegselt sisustatud \u00f5ppeklassi ja kolm arvutiklassi. K\u00f5ik \u00f5ppeklassid on komplekteeritud toolide ja laudadega v\u00e4hemalt 15 osalejale. Klassiruumid on varustatud tahvli ja grafoprojektoriga, olemas on teler ja kaamera. \u00d5ppeklassides on v\u00f5imalik kasutada grafo- ja multiprojektorit, audio-ja videotehnikat ja interneti v\u00f5imalus.<\/p>\n<p>Kooliruumides on kaasaegsed, ohutud, avamist ja tuulutamist v\u00f5imaldavad aknad. Lisaks on tagatud optimaalne loomulik valgustus. \u00d5pperuumid on ohutud ja vastavuses m\u00f5\u00f5tmete, sisustuse ja tingimuste osas \u00f5pperuumis l\u00e4biviidava tegevuste jaoks. Igal korrusel on kaks tualettruumi. \u00d5ppehoones on v\u00f5imalus kasutada \u00f5ppepauside ajal s\u00f6\u00f6gituba \u00fcldpinnaga 65m\u00b2. S\u00f6\u00f6gitoa vahetus l\u00e4heduses on pesemisruum, kus on enne s\u00f6\u00f6ki v\u00f5imalik pesta ja kuivatada k\u00e4si.<\/p>\n<p>Sotsiaalse ja vaimse keskkonna kujunemisel osalevad nii koolitajad ja koolituskeskuse t\u00f6\u00f6tajad kui ka \u00f5ppijad. Efektiivseks keele\u00f5ppeks luuakse vastastikusel lugupidamisel ja \u00fcksteise seisukohtade arvestamisel p\u00f5hinevad ning kokkuleppeid austavad suhted; m\u00e4rgatakse ja tunnustatakse k\u00f5igi \u00f5ppijate pingutusi ja \u00f5piedu; ollakse abivalmid ja toetavad.<\/p>\n<ol start=\"12\">\n<li><strong>\u00d5ppematerjalide loend:<\/strong><\/li>\n<\/ol>\n<p><strong>Baas\u00f5pikud<\/strong><br \/>\nMangus, I. Simmul, M. Tere j\u00e4lle! Eesti keele \u00f5pik A1-A2 (B1). Tallinn 2017<br \/>\nPesti, M.; Ahi, H.\u00a0 E nagu Eesti. Eesti keele \u00f5pik algajatele A1+A2+B1. Tallinn 2017<br \/>\n<strong>\u00d5ppematerjalid<\/strong><br \/>\nMangus, I., Simmul, M. 2009. TERE! Eesti keele \u00f5pik algajatele 0\u2013A1. Kirjastus Kirjatark\u00a0 2009<br \/>\nMangus, I. Simmul, M. Tere taas! Eesti keele \u00f5pik A2-B1( B2). Tallinn 2017<br \/>\nRannut, U. Suhtleme Eestis. Eesti keele t\u00f6\u00f6vihik-A1.1+CD. Immisoft, 2015<br \/>\nRannut, U. Suhtleme Eestis. Eesti keele t\u00f6\u00f6vihik-A1.2+CD. Immisoft, 2015<br \/>\nRannut, U. Suhtleme Eestis. Eesti keele t\u00f6\u00f6vihik-A2.1+CD. Immisoft, 2015<br \/>\nRannut, U. Suhtleme Eestis. Eesti keele t\u00f6\u00f6vihik-A2.2+CD. Immisoft, 2015<br \/>\nIlves, M., Kingisepp. L. Kohanemisprogramm Settle in Estonia: A2 keele\u00f5pik \u201c Tule ja \u00f5pi veel! Eesti keele t\u00f6\u00f6raamat, A2-tase\u201d\u201c 2021<br \/>\nIlves, M., Kingisepp. L. Kohanemisprogramm Settle in Estonia: A2 keele\u00f5ppe s\u00f5navihik \u201c Tule ja \u00f5pi veel! Eesti keele s\u00f5navihik, A2-tase\u201c2021<br \/>\nM.Kitsnik, L.Kingisepp \u201cNaljaga pooleks\u201d O\u00dc Iduleht. Tallinn 2006<br \/>\nH.Leemets. \u201eSamm sammult II\u201c Eesti keele \u00f5pik algtasemele\" REKK, Tallinn 1999<strong>.<\/strong><br \/>\n<a href=\"http:\/\/www.eki.ee\/dict\/evs\/\">http:\/\/www.eki.ee\/dict\/evs\/<\/a><br \/>\n<a href=\"http:\/\/www.keeleklikk.ee\">www.keeleklikk.ee<\/a><br \/>\n<a href=\"https:\/\/harno.ee\/eesti-keele-tasemeeksamid\">https:\/\/harno.ee\/eesti-keele-tasemeeksamid<\/a><br \/>\n<a href=\"https:\/\/sonaveeb.ee\/\">https:\/\/sonaveeb.ee\/<\/a><\/p>\n<ol start=\"13\">\n<li><strong>N\u00f5uded kursuse l\u00f5petamisel<\/strong><strong>:<\/strong><\/li>\n<\/ol>\n<p>\u00d5pingute l\u00f5petamise eelduseks on osalemine v\u00e4hemalt 120 kontakttunnis ja v\u00e4hemalt viie (5) iseseisva t\u00f6\u00f6 sooritamine ning anal\u00fc\u00fcsimine. Lisaks tuleb sooritada l\u00f5putest ja suuline vestlus positiivsele tulemusele (v\u00e4hemalt \"rahuldav\"), s.t vastavalt hindamiskriteeriumidele.<\/p>\n<table>\n<tbody>\n<tr>\n<td width=\"187\"><strong>Hindamismeetod<\/strong><\/td>\n<td width=\"470\"><strong>Hindamiskriteeriumid<\/strong><\/td>\n<\/tr>\n<tr>\n<td width=\"187\">Kirjalik test h\u00f5lmab kirjutamist, kuulamist ja lugemist<\/td>\n<td width=\"470\">\n<ul>\n<li>endast kirjutatud jutus on kasutatud \u00f5pitud s\u00f5navara \u00f5iges vormis<\/li>\n<li>test h\u00f5lmab k\u00f5iki grammatilisi teemasid<\/li>\n<\/ul>\n<p>KUULAMINE: Suudab j\u00e4lgida enda jaoks tuttava valdkonna m\u00f5ttevahetust ning eristada olulist infot. Saab aru olmesf\u00e4\u00e4ris kuuldud \u00fcldkeelse suhtluse sisust (nt poes, bussis, hotellis, piletilevis). Vajab sageli kuuldu t\u00e4psustamist.<\/p>\n<p>LUGEMINE: Loeb lihtsaid tavatekste (nt reklaamid, men\u00fc\u00fcd, ajakavad, ohuhoiatused) tuttavatel teemadel ja saab aru neis sisalduvast infost. Suudab m\u00f5nikord aimata s\u00f5nade t\u00e4hendust konteksti toel.<\/p>\n<p>KIRJUTAMINE: Oskab kirjutada l\u00fchikesi kirjeldavat laadi jutukesi oma kogemustest ja \u00fcmbritsevast. Koostab lihtsaid isiklikke kirju. Oskab kasutada sides\u00f5nu <em>aga<\/em>, <em>sest<\/em>, <em>et<\/em> jt. Rakendab \u00f5pitud \u00f5igekirjareegleid (nt algust\u00e4he ortograafia, kirjavahem\u00e4rgid).<\/td>\n<\/tr>\n<tr>\n<td width=\"187\">Suuline vestlus h\u00f5lmab r\u00e4\u00e4kimist<\/td>\n<td width=\"470\">\n<ul>\n<li>\u00f5ppija r\u00e4\u00e4gib lihtsamate lausetega kursusel l\u00e4bitud teemadest vastavalt \u00f5piv\u00e4ljunditele.<\/li>\n<li>\u00f5ppija vastab arusaadavalt vestluse k\u00e4igus esitatud k\u00fcsimustele<\/li>\n<\/ul>\n<p>R\u00c4\u00c4KIMINE: Oskab r\u00e4\u00e4kida oma huvidest ja tegevustest. Tuleb toime olmesf\u00e4\u00e4ris suhtlemisega. Oskab v\u00e4ljendada oma suhtumist ja eelistusi. Suudab alustada, j\u00e4tkata ja l\u00f5petada vestlust tuttaval teemal, kuid v\u00f5ib vajada abi. Kasutab \u00f5pitud p\u00f5his\u00f5navara ja lausemalle valdavalt \u00f5igesti. Spontaanses k\u00f5nes on vigu. K\u00f5ne on arusaadav, kuigi esineb h\u00e4\u00e4ldusvigu ja s\u00f5nade otsimist<\/td>\n<\/tr>\n<tr>\n<td colspan=\"2\" width=\"657\">Kokku on v\u00f5imalik testi eest saada 100 punkti. Iga osa annab 25 punkti. Test loetakse sooritatuks, kui testitav saab v\u00e4hemalt 60% v\u00f5imalikust punktisummast ning \u00fchegi osa tulemus ei ole 0 punkti<\/p>\n<p>\u00d5pitulemusi hindab eesti keele \u00f5petaja. Hindamisel arvestatakse:<br \/>\n\u00b7\u00a0\u00a0\u00a0\u00a0 Omandatud teadmiste ja oskuste ulatust, rakendusoskust, \u00f5igsust, esitluse t\u00e4psust;<br \/>\n\u00b7\u00a0\u00a0\u00a0\u00a0 P\u00f5hjendatust ja loogilisust;<br \/>\n\u00b7\u00a0\u00a0\u00a0\u00a0 Iseseisvust teadmiste ning oskuste rakendamisel;<br \/>\n\u00b7\u00a0\u00a0\u00a0\u00a0 Oskust oma teadmisi ning oskusi suuliselt ja kirjalikult v\u00e4ljendada;<br \/>\n\u00b7\u00a0\u00a0\u00a0\u00a0 Vastuste \u00f5igust, vigade arvu ja liiki;<br \/>\nHindamisel v\u00f5etakse aluseks j\u00e4rgmine protsendiskaala:<br \/>\n<strong>90-100%. \u2013 5 (v\u00e4ga hea)<\/strong><\/p>\n<p>Suuline vastus, kirjalik t\u00f6\u00f6 vastab koolitava\u00f5ppe aluseks olevatele taotlevatele \u00f5pitulemustele t\u00e4ielm\u00e4\u00e4ral v\u00f5i \u00fcletab neid. \u00d5ppija vastus on \u00f5ige ja t\u00e4ielik, loogiline ja m\u00f5testatud, praktilises tegevuses ilmne omandatu iseseisev rakendamine<br \/>\n<strong>75-89% - 4 (hea)<\/strong><\/p>\n<p>kui \u00f5ppija suulineja kirjalik oskus on \u00fcldiselt \u00f5ige, loogiline ja m\u00f5testatud, kuid pole t\u00e4ielik v\u00f5i esineb v\u00e4iksemaid eksimusi, praktilises tegevuses j\u00e4\u00e4b m\u00f5nel m\u00e4\u00e4ral puudu iseseisvusest<br \/>\n<strong>60-74% - 3 (rahuldav)<\/strong><\/p>\n<p>kui \u00f5ppija oskuses on p\u00f5hiosas \u00f5iged, p\u00f5hioskused on omandatud, kuid teadmiste rakendamisel praktilises tegevuses esineb raskusi. Ta vajabjuhendamist ja suunamist<br \/>\n<strong>25-59% - 2(mitterahuldav)<\/strong><\/p>\n<p>kui koolitatava vastuses on olulisi puudusi ja eksimusi, ta teeb rohkesti sisulisi vigu, ei suuda teadmisi rakendada ka suunamise ja juhendamise korral.<br \/>\n<strong>0-24%<\/strong> - \u00f5ppijal puuduvad n\u00f5utavad teadmised ja oskuses ning koolitatava areng \u00f5pitulemuste osas puudub<\/td>\n<\/tr>\n<\/tbody>\n<\/table>\n<ol start=\"14\">\n<li><strong> Kursuse l\u00e4bimisel v\u00e4ljastatav dokument <\/strong>(tunnistus v\u00f5i t\u00f5end):<\/li>\n<\/ol>\n<p>Tunnistus on t\u00e4ienduskoolituse l\u00f5petamist t\u00f5endav dokument, mis v\u00e4ljastatakse isikule juhul, kui koolituse k\u00e4igus hinnati \u00f5piv\u00e4ljundite saavutatust ja isik saavutas k\u00f5ik \u00f5ppekava l\u00f5petamiseks n\u00f5utud \u00f5piv\u00e4ljundid.<\/p>\n<p>T\u00f5end t\u00e4ienduskoolituses osalemise v\u00f5i selle l\u00e4bimise kohta v\u00e4ljastatakse isikule juhul,<\/p>\n<ul>\n<li><strong>kui \u00f5pitulemusi ei saavutatud - t<\/strong>est loetakse sooritatuks, kui testitav saab v\u00e4hemalt 60% v\u00f5imalikust punktisummast ning \u00fchegi osa tulemus ei ole 0 punkti \u2013 muidu v\u00e4ljastatakse T\u00f5end kursuse l\u00f5ppemise kohta;<\/li>\n<li>kui \u00f5ppija on osalenud v\u00e4hem kui 80% \u00f5ppetundidest, siis v\u00e4ljastatakse T\u00f5end osav\u00f5tu kohta t\u00e4ienduskoolituse kursusest, t\u00f5end v\u00e4ljastatakse vastavalt osaletud kontakttundide arvule.<\/li>\n<\/ul>\n<ol start=\"15\">\n<li><strong> Koolitaja kompetentsust tagava kvalifikatsiooni v\u00f5i \u00f5pi- v\u00f5i t\u00f6\u00f6kogemuse kirjeldus:<\/strong><\/li>\n<\/ol>\n<p>Eesti keele kui teise keele \u00f5petaja v\u00f5i eesti filoloogi haridus magistritasemel v\u00f5i pikaaegne eesti keele kui v\u00f5\u00f5rkeele \u00f5petamise kogemus. K\u00f5igil koolitajatel on varasem t\u00f6\u00f6kogemus \u00f5petataval erialal t\u00e4iskasvanute \u00f5petamisel.<\/p>\n<ol start=\"16\">\n<li><strong> \u00d5ppekava kinnitamise aeg: <\/strong><\/li>\n<\/ol>\n<p>31.03.2016<\/p>\n<ol start=\"17\">\n<li><strong> \u00d5ppekava muutmise aeg:<\/strong><\/li>\n<\/ol>\n<p>11.08.2025<\/p>\n","protected":false},"excerpt":{"rendered":"<p>T\u00e4ienduskoolitusasutuse nimetus: O\u00dc SVS-L\u00a0 Koolituskeskus Reg. nr:\u00a0\u00a0\u00a0\u00a0\u00a0\u00a0\u00a0\u00a0\u00a0\u00a0\u00a0\u00a0\u00a0\u00a0\u00a0\u00a0\u00a0\u00a0\u00a0\u00a0\u00a0\u00a0\u00a0\u00a0\u00a0\u00a0\u00a0\u00a0\u00a0\u00a0\u00a0\u00a0\u00a0 10107667 Juriidiline aadress:\u00a0\u00a0\u00a0\u00a0\u00a0\u00a0\u00a0\u00a0\u00a0\u00a0\u00a0\u00a0\u00a0\u00a0\u00a0\u00a0 Linda 3, J\u00f5hvi EE 41535 Tegevusaadress: \u00a0\u00a0\u00a0\u00a0\u00a0\u00a0\u00a0\u00a0\u00a0\u00a0\u00a0\u00a0\u00a0\u00a0\u00a0\u00a0\u00a0\u00a0\u00a0 Metsapargi 16,\u00a0 Kohtla-J\u00e4rve\u00a0 EE 30324 telefon:...<\/p>\n","protected":false},"author":1,"featured_media":0,"parent":0,"menu_order":0,"comment_status":"closed","ping_status":"closed","template":"page-onecolumn.php","meta":{"footnotes":""},"class_list":["post-965","page","type-page","status-publish","hentry"],"_links":{"self":[{"href":"https:\/\/www.svsl.edu.ee\/ru\/wp-json\/wp\/v2\/pages\/965","targetHints":{"allow":["GET"]}}],"collection":[{"href":"https:\/\/www.svsl.edu.ee\/ru\/wp-json\/wp\/v2\/pages"}],"about":[{"href":"https:\/\/www.svsl.edu.ee\/ru\/wp-json\/wp\/v2\/types\/page"}],"author":[{"embeddable":true,"href":"https:\/\/www.svsl.edu.ee\/ru\/wp-json\/wp\/v2\/users\/1"}],"replies":[{"embeddable":true,"href":"https:\/\/www.svsl.edu.ee\/ru\/wp-json\/wp\/v2\/comments?post=965"}],"version-history":[{"count":52,"href":"https:\/\/www.svsl.edu.ee\/ru\/wp-json\/wp\/v2\/pages\/965\/revisions"}],"predecessor-version":[{"id":8638,"href":"https:\/\/www.svsl.edu.ee\/ru\/wp-json\/wp\/v2\/pages\/965\/revisions\/8638"}],"wp:attachment":[{"href":"https:\/\/www.svsl.edu.ee\/ru\/wp-json\/wp\/v2\/media?parent=965"}],"curies":[{"name":"wp","href":"https:\/\/api.w.org\/{rel}","templated":true}]}}