{"id":974,"date":"2017-03-08T10:00:07","date_gmt":"2017-03-08T08:00:07","guid":{"rendered":"http:\/\/www.svsl.edu.ee\/?page_id=974"},"modified":"2017-09-22T12:53:49","modified_gmt":"2017-09-22T09:53:49","slug":"a2-ing-baasil","status":"publish","type":"page","link":"https:\/\/www.svsl.edu.ee\/ru\/a2-ing-baasil\/","title":{"rendered":"A2-ingbaasil-Kursus"},"content":{"rendered":"<p><strong>SVS-L AS Koolituskeskus\u00a0\u00a0\u00a0 <\/strong><br \/>\n<strong>T\u00e4ienduskoolituse \u00f5<\/strong><strong>ppekava nimetus<\/strong><strong>: \u00a0 \u00a0EESTI KEELE KOOLITUS TASEMELE A2 KOOS ETTEVALMISTUSEGA EKSAMIKS \u00a0<\/strong><strong>(inglise keele baasil)<\/strong><br \/>\n<strong>\u00d5ppekavar\u00fchm:<\/strong>\u00a0Humanitaarained (\u00fcldised), v\u00f5\u00f5rkeeled ja kultuur, eesti keel kui v\u00f5\u00f5rkeel<br \/>\n<strong>\u00d5ppekeel:<\/strong>\u00a0vene keel<br \/>\n<strong>\u00d5ppevorm:<\/strong> Kontakt\u00f5pe \u2013 loengud, praktiline koolitus<br \/>\nTunnid viiakse l\u00e4bi v\u00e4ikestes r\u00fchmades, mis annab v\u00f5imaluse \u00f5ppej\u00f5ududel individuaalseks l\u00e4henemiseks igale \u00f5pilasel, arvestades tema taset.<br \/>\n<strong>Periood:<\/strong>\u00a0<a href=\"https:\/\/www.svsl.edu.ee\/calender.pdf\">Koolituse<\/a> toimumise aeg on v\u00e4lja toodud koolituskalendris<br \/>\n<strong>Toimumiskoht:<\/strong> Metsapargi 16, Kohtla-J\u00e4rve<br \/>\n<strong>Koolituse maksumus:<\/strong> Hinnakiri on v\u00e4lja toodud koolituskalendris<br \/>\n<strong>Kvaliteedi tagamine:\u00a0<\/strong><span style=\"color: #0000ff;\"><a style=\"color: #0000ff;\" href=\"https:\/\/www.svsl.edu.ee\/et\/svs-l_quality_et\/\">https:\/\/www.svsl.edu.ee\/2017\/01\/svslquality-EST-2017<\/a><\/span><br \/>\n<strong>\u00d5ppekeskkonna kirjeldus:<\/strong>Teoreetilist koolituse osa viiakse l\u00e4bi kaasaegsetes koolitusklassides.\u00a0 Ruumid ja tehnika vastavad h\u00fcgeeni- ja sanitaarn\u00f5uetele, t\u00f6\u00f6ohutusele.\u00a0 On v\u00f5imalus kasutada multiprojektorit, televiisorit, kaamerat. Lauad ja toolid on vastavalt m\u00f5\u00f5tmetele ja suurustele, et l\u00e4bi viia koolitust t\u00e4iskasvanutele. Klassiruumide sisustus on paigaldatud nii, et k\u00f5igil oleks mugav, \u00fcksteisele n\u00e4htavad ja oleks v\u00f5imalik vabalt suhelda.<br \/>\nK\u00f5ik \u00f5pilased saavad individuaalsed \u00f5ppematerjalid, mis on spetsiaalselt kohandatud t\u00e4iskasvanute koolituse l\u00e4bi viimise\u00a0 jaoks. Igale koolitusel osalenule antakse koolitusmapp, mis j\u00e4\u00e4b talle peale koolituse l\u00f5ppu.<br \/>\n<strong>\u00d5ppekava eesm\u00e4rgid: <\/strong> Anda teoreetilise ette valmistuse ja suhtlemisoskuse, et sooritada eksam A2 tasemele.<br \/>\n<strong>L\u00fchike kirjeldus koolituse sisust ja \u00f5piv\u00e4ljunditest:<\/strong><\/p>\n<table width=\"0\">\n<tbody>\n<tr>\n<td width=\"215\"><strong>Kursuse teemad:<\/strong><\/td>\n<td width=\"454\"><strong>\u00d5ppev\u00e4ljundid:<\/strong><\/td>\n<\/tr>\n<tr>\n<td width=\"215\">Eesti ja maailm<\/p>\n<p>Kultuur ja kunst<br \/>\nKeskkond ja tehnoloogia<br \/>\nHaridus ja t\u00f6\u00f6<br \/>\nInimene ja \u00fchiskond<br \/>\nKeele oskused \u2013 foneetika, ortograafia, k\u00e4\u00e4nded j.t.<\/td>\n<td width=\"454\">Kuulamine<\/p>\n<p>M\u00f5istab aeglaselt ja selgelt \u00f6eldud tuttavaid fraase, mis puututavad eluks vajalike valdkondi (nt: perekond, poes k\u00e4ik, t\u00f6\u00f6, kodu). Suudab jutuk\u00e4igus tunda \u00e4ra tuttavaid\u00a0 s\u00f5nu, fraase, kui r\u00e4\u00e4kida selgelt ja aeglaselt. Suudab m\u00f5ista l\u00fchikese ja lihtsa teksti sisu. Saab aru lihtsast juhendamisest. Suudab aru saada ja j\u00e4lgida televiisorit uudiseid, saada aru telesaadete sisust v\u00f5i lindistatud teksti sisust, kust on taustaks pildid v\u00f5i video.<br \/>\nLugemine<br \/>\nM\u00f5istab l\u00fchikesi, lihtsaid tekste, kus on olemas tuttavad s\u00f5nad. Suudab leida tekstist vajaliku informatsiooni ja seda eristada \u00fclej\u00e4\u00e4nud tekstist.<br \/>\nM\u00f5istab l\u00fchikest ja lihtsat kirjasisu. M\u00f5istab lihtsaid juhendeid lugeda plakatitel ja teateid avalikes kohtades.<br \/>\nR\u00e4\u00e4kimine<br \/>\nOskab lihtsate s\u00f5nadega ennast v\u00e4ljendada tuttavates olukordades v\u00f5i enda jaoks huvitavas teemas.\u00a0 Oskab kasutada \u00f5pituid s\u00f5nu ja fraase. Suudab v\u00f5ta osa lihtsates suhtlusteemades v\u00f5i enda jaoks tuttavas teemas (nt t\u00f6\u00f6 ja vabaaeg). Oskab end v\u00e4ljendada l\u00fchikeste lausete abil. K\u00f5nes on loomulik kuulda vigu ja aktsenti.<br \/>\nKirjutamine<br \/>\nOskab kirjutada enda jaoks tuttavaid fraase ja v\u00e4ljendeid. Oskab kirjutada lihtsate lausetega oma perekonnast, elu v\u00f5imalustest, haridusest ja endisest-praegusest t\u00f6\u00f6st. Oskab kuuldut \u00fcles kirjutada (l\u00fchikeste s\u00f5nadega, mis on eelnevalt talle tuttavad). Oskab kirjutada isikliku kirja lihtsate s\u00f5nadega.\u00a0 Oskab k\u00fcsida informatsiooni ja vastastada analoogselt teema sisule.<\/td>\n<\/tr>\n<\/tbody>\n<\/table>\n<p><strong><br \/>\nKoolituse sihtr\u00fchm:<\/strong> Koolitus toimub inglise keele baasil algajatele.<br \/>\n<strong>Vastuv\u0151tutingimused:<\/strong>\u00a0Koolitusele registreerimine avalduse alusel, T\u00f6\u00f6andja suunamiskirja alusel.<br \/>\n<strong>\u00d5ppe kogumaht: <\/strong>(akadeemilistes tundides):<strong>300 akadeemilist tundi, mis sisaldab:<\/strong><br \/>\n100 \u0430. t. \u2013 teoreetiline t\u00f6\u00f6<br \/>\n200 \u0430. t. \u2013 praktiline t\u00f6\u00f6<br \/>\n100 \u0430. t. \u2013 iseseisvat t\u00f6\u00f6d<br \/>\n<strong>N\u00f5uded kursuse l\u00f5petamisel:<\/strong> Kursus loetakse l\u00f5petatuks, kui \u00f5pilane on omandanud \u00f5ppekavas etten\u00e4htud ained t\u00e4ies mahus, sooritanud k\u00f5ik \u00f5ppekavas ja aineprogrammides etten\u00e4htud eksamid ja arvestused hindele (v\u00e4hemalt) \"rahuldav\".<br \/>\n<strong>Kursuse l\u00e4bimisel v\u00e4ljastatav dokument\u00a0(tunnistus v\u00f5i t\u00f5end):<\/strong><br \/>\nKoolituse edukalt l\u00e4binud \u00f5ppijale v\u00e4ljastatakse tunnistus. Kui \u00f5ppija ei t\u00e4itnud \u00f5ppekava n\u00f5udeid v\u00f5i t\u00e4itis need vaid osaliselt, siis v\u00e4ljastatakse T\u00f5end osav\u00f5tu kohta t\u00e4ienduskoolituse kursusest. Kui \u00f5ppija ei sooritanud kokkuv\u00f5tvat eksamit v\u00f5i arvestust, siis talle v\u00e4ljastatakse T\u00f5end kursuse l\u00f5ppemise kohta.<\/p>\n<table>\n<tbody>\n<tr>\n<td width=\"253\"><strong>Koolitaja nimi:<\/strong><\/td>\n<td width=\"404\"><strong>\u00a0Koolitaja kompetentsus:<\/strong><\/td>\n<\/tr>\n<tr>\n<td width=\"253\">Jelena Ohakas<\/p>\n<p>&nbsp;<\/td>\n<td width=\"404\"><strong>K\u00f5rgharidus<\/strong><br \/>\nTallinna Pedagoogika\u00fclikool<br \/>\nT\u00f6\u00f6kogemus t\u00e4iskasvanute koolitajana \u2013 rohkem kui\u00a0 29 aastat<\/td>\n<\/tr>\n<tr>\n<td width=\"253\">Virve Adamson<\/p>\n<p>&nbsp;<\/td>\n<td width=\"404\"><strong>K\u00f5rgharidus<\/strong><br \/>\nTartu \u00dclikooli Avatud \u00dclikool<br \/>\nT\u00f6\u00f6kogemus t\u00e4iskasvanute koolitajana \u2013 rohkem kui\u00a0 15 aastat<\/td>\n<\/tr>\n<tr>\n<td width=\"253\">Olga K\u00e4\u00e4rmann<\/p>\n<p>&nbsp;<\/td>\n<td width=\"404\"><strong>K\u00f5rgharidus<\/strong><br \/>\nTartu \u00dclikooli Narva Kolled\u017e<br \/>\nT\u00f6\u00f6kogemus t\u00e4iskasvanute koolitajana \u2013 rohkem kui\u00a0 8 aastat<\/td>\n<\/tr>\n<tr>\n<td width=\"253\">Kersti Kuslap<\/p>\n<p>&nbsp;<\/td>\n<td width=\"404\"><strong>K\u00f5rgharidus<\/strong><br \/>\nTallinna Pedagoogika\u00fclikool ja Tartu \u00dclikooli Narva Kolled\u017e<br \/>\nT\u00f6\u00f6kogemus t\u00e4iskasvanute koolitajana \u2013 rohkem kui 8 aastat<\/td>\n<\/tr>\n<\/tbody>\n<\/table>\n<p><strong><br \/>\nMetsapargi 16, Kohtla-J\u00e4rve 30324<\/strong><br \/>\n<strong>tel. 335 0756, 5303 2522, 5304 0182<\/strong><br \/>\n<span style=\"color: #0000ff;\"><a style=\"color: #0000ff;\" href=\"mailto:svslkoolitus@gmail.com\">svslkoolitus@gmail.com<\/a><\/span>  <span style=\"color: #800080;\"><a style=\"color: #800080;\" href=\"https:\/\/www.svsl.edu.ee\">www.svsl.edu.ee<\/a><\/span><\/p>\n","protected":false},"excerpt":{"rendered":"<p>SVS-L AS Koolituskeskus\u00a0\u00a0\u00a0 T\u00e4ienduskoolituse \u00f5ppekava nimetus: \u00a0 \u00a0EESTI KEELE KOOLITUS TASEMELE A2 KOOS ETTEVALMISTUSEGA EKSAMIKS \u00a0(inglise keele baasil) \u00d5ppekavar\u00fchm:\u00a0Humanitaarained (\u00fcldised), v\u00f5\u00f5rkeeled ja kultuur,...<\/p>\n","protected":false},"author":1,"featured_media":0,"parent":0,"menu_order":0,"comment_status":"closed","ping_status":"closed","template":"page-onecolumn.php","meta":{"footnotes":""},"class_list":["post-974","page","type-page","status-publish","hentry"],"_links":{"self":[{"href":"https:\/\/www.svsl.edu.ee\/ru\/wp-json\/wp\/v2\/pages\/974","targetHints":{"allow":["GET"]}}],"collection":[{"href":"https:\/\/www.svsl.edu.ee\/ru\/wp-json\/wp\/v2\/pages"}],"about":[{"href":"https:\/\/www.svsl.edu.ee\/ru\/wp-json\/wp\/v2\/types\/page"}],"author":[{"embeddable":true,"href":"https:\/\/www.svsl.edu.ee\/ru\/wp-json\/wp\/v2\/users\/1"}],"replies":[{"embeddable":true,"href":"https:\/\/www.svsl.edu.ee\/ru\/wp-json\/wp\/v2\/comments?post=974"}],"version-history":[{"count":15,"href":"https:\/\/www.svsl.edu.ee\/ru\/wp-json\/wp\/v2\/pages\/974\/revisions"}],"predecessor-version":[{"id":2616,"href":"https:\/\/www.svsl.edu.ee\/ru\/wp-json\/wp\/v2\/pages\/974\/revisions\/2616"}],"wp:attachment":[{"href":"https:\/\/www.svsl.edu.ee\/ru\/wp-json\/wp\/v2\/media?parent=974"}],"curies":[{"name":"wp","href":"https:\/\/api.w.org\/{rel}","templated":true}]}}